{"id":10,"date":"2021-02-02T18:54:50","date_gmt":"2021-02-02T18:54:50","guid":{"rendered":"http:\/\/queretarootrasmiradas.com\/index.php\/about\/"},"modified":"2021-05-24T19:19:59","modified_gmt":"2021-05-24T19:19:59","slug":"about","status":"publish","type":"page","link":"https:\/\/queretarootrasmiradas.com\/index.php\/about\/","title":{"rendered":"Qui\u00e9nes somos"},"content":{"rendered":"<p><a href=\"https:\/\/www.facebook.com\/queretaro.otrasmiradas\" target=\"_blank\" rel=\"noopener\"><br \/>\n\t\t\t\t\t\tFacebook<br \/>\n\t\t\t\t\t\t\t\t\t\t\t<\/a><br \/>\n\t\t\t\t\t<a href=\"https:\/\/twitter.com\/QMiradas\" target=\"_blank\" rel=\"noopener\"><br \/>\n\t\t\t\t\t\tTwitter<br \/>\n\t\t\t\t\t\t\t\t\t\t\t<\/a><br \/>\n\t\t\t\t\t<a href=\"https:\/\/www.instagram.com\/qotrasmiradas\/\" target=\"_blank\" rel=\"noopener\"><br \/>\n\t\t\t\t\t\tInstagram<br \/>\n\t\t\t\t\t\t\t\t\t\t\t<\/a><br \/>\n\t\t\t\t\t\t\t\t\t\t<img decoding=\"async\" width=\"4500\" height=\"1280\" src=\"http:\/\/queretarootrasmiradas.com\/wp-content\/uploads\/2021\/05\/logo-color-crema@300x-1.png\" alt=\"\" loading=\"lazy\" srcset=\"https:\/\/queretarootrasmiradas.com\/wp-content\/uploads\/2021\/05\/logo-color-crema@300x-1.png 4500w, https:\/\/queretarootrasmiradas.com\/wp-content\/uploads\/2021\/05\/logo-color-crema@300x-1-300x85.png 300w, https:\/\/queretarootrasmiradas.com\/wp-content\/uploads\/2021\/05\/logo-color-crema@300x-1-1024x291.png 1024w, https:\/\/queretarootrasmiradas.com\/wp-content\/uploads\/2021\/05\/logo-color-crema@300x-1-768x218.png 768w, https:\/\/queretarootrasmiradas.com\/wp-content\/uploads\/2021\/05\/logo-color-crema@300x-1-1536x437.png 1536w, https:\/\/queretarootrasmiradas.com\/wp-content\/uploads\/2021\/05\/logo-color-crema@300x-1-2048x583.png 2048w\" sizes=\"auto, (max-width: 4500px) 100vw, 4500px\" \/>\t\t\t\t\t\t\t\t\t\t\t<\/p>\n<h2>Bienvenido a<br \/><i>Quer\u00e9taro: otras miradas<\/i><\/h2>\n<h5><b>Un sitio web para reunir publicaciones que circularon en las afueras y en las orillas. En los m\u00e1rgenes de la sociedad, en los m\u00e1rgenes del poder<\/b>, en los m\u00e1rgenes del mercado, en los m\u00e1rgenes del lucro contempor\u00e1neo. Publicaciones que, justo por extintas, tienen algo que decirle a nuestro tiempo. Un repositorio digital que inicia con un semanario que vivi\u00f3 entre 1990 y 1998: <i>El Nuevo Amanecer de Quer\u00e9taro<\/i>.\u00a0<\/h5>\n<h5>\u00a0\u00a0 Hemos perturbado su sue\u00f1o para devolverla al mundo de otro modo, justo el 21 de mayo de 2021, cuando el difuntito estar\u00eda cumpliendo 31 a\u00f1os. \u00bfD\u00f3nde and\u00e1bamos cuando, en 1991, se cre\u00f3 el primer sitio web en el mundo, cuando la primera carabela pos\u00f3 sobre las aguas virtuales? Eran los d\u00edas de la primera guerra del P\u00e9rsico, a\u00f1o 2 de la ca\u00edda del muro de Berl\u00edn\u2026 y <i>El Nuevo Amanecer<\/i>, escu\u00e1lido y con muchas ganas de vivir, viv\u00eda su primer a\u00f1o. Para entonces disfrutaba el PRI del delicioso saber de la derrota: su primer municipio perdido en Quer\u00e9taro.\u00a0<\/h5>\n<h5>\u00a0\u00a0 Dicen que mientras los m\u00e9dicos entierran sus errores, los periodistas los publican. Aqu\u00ed, sin mirar atr\u00e1s pero como una resuelta apuesta por la memoria, aqu\u00ed est\u00e1 el compendio de muchos errores. Porque hay aqu\u00ed muchas instant\u00e1neas de un per\u00edodo intenso que defini\u00f3 rutas para nuestro conflictivo presente.<\/h5>\n<h5>\u00a0\u00a0 Al fin profanadores de tumbas, sobre la marcha, de aqu\u00ed al a\u00f1o 3000, iremos exhumando otras publicaciones desaparecidas para armar un convivio en este pante\u00f3n digital.\u00a0<\/h5>\n<h5>\u00a0\u00a0 Esta es la primera piedra de un proyecto de largo aliento, que aspira a constituir un Centro de Informaci\u00f3n y Documentaci\u00f3n Alternativa de Quer\u00e9taro. Adem\u00e1s de la hemeroteca, la intenci\u00f3n es integrar documentos de valor hist\u00f3rico, im\u00e1genes, audios y videos que den cuenta de que existen otras formas de habitar y hacer la historia, m\u00e1s all\u00e1 del relato dominante.\u00a0<\/h5>\n<h5><b>Tambi\u00e9n este sitio alojar\u00e1 un panfleto sin orden ni concierto, un libelo marginal, en los linderos del fanzine y el diario personal. Nos proponemos hacer una revistucha para pensar el vendaval de nuestro tiempo.<\/b> Irreverente y que apunte al fondo. Una revista queretana, pero no tanto\u2026 Ni acad\u00e9mica ni pandillera. Et\u00e9rea y virtual, como nuestro tiempo. Una revista que se divierta en el gran teatro del mundo. Aunque hija de la tradici\u00f3n, que se disponga a ir contra la tradici\u00f3n. Que ronde la periferia de la historia y se asome al coraz\u00f3n de la \u00e9poca. Que, sabiendo re\u00edr, empiece por re\u00edrse de s\u00ed misma porque procurar\u00e1 re\u00edrse de lo c\u00f3mico que oculta el mundo tras su gesto adusto. Entre la coyuntura y el largo aliento. Entre lo local y lo global. Una revista contra el periodismo, que desde ahora renuncia a la periodicidad para aparecer s\u00f3lo cuando tenga algo de qu\u00e9 pitorrearse. \u00a0<\/h5>\n<h5>\u00a0\u00a0 Loca, dislocada, la loca de la casa, m\u00e1s all\u00e1 del soliloquio y la logomaquia. Si existe el <i>Libro Vaquero<\/i>, \u00bfpor qu\u00e9 no una <i>Revista Loca<\/i>? Cada n\u00famero se parecer\u00e1 a s\u00ed mismo. Una revista enferma, lecturas enfermas para una sociedad enferma. Lamer heridas y tocar fibras sensibles de la \u00e9poca. \u00bfEs posible el tr\u00e1nsito de la masa a pueblo organizado? \u00bfHay margen para deliberar sobre la olvidada fraternidad y explorar todas las posibilidades de lo humano? El esp\u00edritu de nuestro tiempo y la espiritualidad dentro del pantano.\u00a0<\/h5>\n<h5>\u00a0\u00a0 Cuando fue bajada la cortina de <i>El Nuevo Amanecer<\/i>, en 1998, estaba naciendo un nuevo dios: Google, y para entonces ya hab\u00eda 2 millones y medio de p\u00e1ginas web. En los inicios de la gran epidemia, el oto\u00f1o de 2019, Live Stats hab\u00eda contabilizado ya mil 718 millones de p\u00e1ginas.\u00a0<\/h5>\n<h5>\u00a0\u00a0 \u00bfEn medio de este torrente, una p\u00e1gina m\u00e1s? Pues s\u00ed. \u00bfQu\u00e9 le vamos a hacer? Signos de los tiempos.<\/h5>\n<p>\t\t\t\t\t\t\t\t\t\t<img decoding=\"async\" width=\"800\" height=\"806\" src=\"http:\/\/queretarootrasmiradas.com\/wp-content\/uploads\/2021\/05\/colores-logo-caras@300x-1-1017x1024.png\" alt=\"\" loading=\"lazy\" srcset=\"https:\/\/queretarootrasmiradas.com\/wp-content\/uploads\/2021\/05\/colores-logo-caras@300x-1-1017x1024.png 1017w, https:\/\/queretarootrasmiradas.com\/wp-content\/uploads\/2021\/05\/colores-logo-caras@300x-1-298x300.png 298w, https:\/\/queretarootrasmiradas.com\/wp-content\/uploads\/2021\/05\/colores-logo-caras@300x-1-150x150.png 150w, https:\/\/queretarootrasmiradas.com\/wp-content\/uploads\/2021\/05\/colores-logo-caras@300x-1-768x773.png 768w, https:\/\/queretarootrasmiradas.com\/wp-content\/uploads\/2021\/05\/colores-logo-caras@300x-1-1526x1536.png 1526w, https:\/\/queretarootrasmiradas.com\/wp-content\/uploads\/2021\/05\/colores-logo-caras@300x-1-2034x2048.png 2034w\" sizes=\"auto, (max-width: 800px) 100vw, 800px\" \/>\t\t\t\t\t\t\t\t\t\t\t<\/p>\n<p>Imagen de un malacate de barro cocido perteneciente al per\u00edodo Poscl\u00e1sico temprano (entre los a\u00f1os 900 y 1200 despu\u00e9s de Cristo), hallado en excavaciones arqueol\u00f3gicas de El Cerrito y La Negreta, en Corregidora, Quer\u00e9taro. En combinaci\u00f3n con una vara, el malacate o husillo, de estilo tolteca, era un instrumento que serv\u00eda para torcer las fibras de algod\u00f3n o ixtle, paso previo a la producci\u00f3n de hilo para la elaboraci\u00f3n de lienzos. De acuerdo con el libro <i>Geometr\u00edas de la imaginaci\u00f3n. Dise\u00f1o e iconograf\u00eda de Quer\u00e9taro<\/i> (INAH, Conaculta, 2007), la imagen representa cuatro rostros de perfil con tocado y orejera redonda, y simboliza los cuatro rumbos del universo. \u00a0<\/p>\n","protected":false},"excerpt":{"rendered":"<p>Facebook Twitter Instagram Bienvenido aQuer\u00e9taro: otras miradas Un sitio web para reunir publicaciones que circularon en las afueras y en las orillas. En los m\u00e1rgenes de la sociedad, en los m\u00e1rgenes del poder, en los m\u00e1rgenes del mercado, en los m\u00e1rgenes del lucro contempor\u00e1neo. Publicaciones que, justo por extintas, tienen algo que decirle a nuestro [&hellip;]<\/p>\n","protected":false},"author":1,"featured_media":0,"parent":0,"menu_order":0,"comment_status":"closed","ping_status":"closed","template":"elementor_canvas","meta":{"om_disable_all_campaigns":false,"footnotes":""},"class_list":["post-10","page","type-page","status-publish","hentry"],"_links":{"self":[{"href":"https:\/\/queretarootrasmiradas.com\/index.php\/wp-json\/wp\/v2\/pages\/10","targetHints":{"allow":["GET"]}}],"collection":[{"href":"https:\/\/queretarootrasmiradas.com\/index.php\/wp-json\/wp\/v2\/pages"}],"about":[{"href":"https:\/\/queretarootrasmiradas.com\/index.php\/wp-json\/wp\/v2\/types\/page"}],"author":[{"embeddable":true,"href":"https:\/\/queretarootrasmiradas.com\/index.php\/wp-json\/wp\/v2\/users\/1"}],"replies":[{"embeddable":true,"href":"https:\/\/queretarootrasmiradas.com\/index.php\/wp-json\/wp\/v2\/comments?post=10"}],"version-history":[{"count":53,"href":"https:\/\/queretarootrasmiradas.com\/index.php\/wp-json\/wp\/v2\/pages\/10\/revisions"}],"predecessor-version":[{"id":3397,"href":"https:\/\/queretarootrasmiradas.com\/index.php\/wp-json\/wp\/v2\/pages\/10\/revisions\/3397"}],"wp:attachment":[{"href":"https:\/\/queretarootrasmiradas.com\/index.php\/wp-json\/wp\/v2\/media?parent=10"}],"curies":[{"name":"wp","href":"https:\/\/api.w.org\/{rel}","templated":true}]}}