{"id":1251,"date":"2021-04-26T19:54:15","date_gmt":"2021-04-26T19:54:15","guid":{"rendered":"http:\/\/queretarootrasmiradas.com\/?page_id=1251"},"modified":"2021-05-24T19:12:28","modified_gmt":"2021-05-24T19:12:28","slug":"la-nave-de-los-locos","status":"publish","type":"page","link":"https:\/\/queretarootrasmiradas.com\/index.php\/la-nave-de-los-locos\/","title":{"rendered":"La nave de los locos"},"content":{"rendered":"<p><a href=\"https:\/\/www.facebook.com\/queretaro.otrasmiradas\" target=\"_blank\" rel=\"noopener\"><br \/>\n\t\t\t\t\t\tFacebook<br \/>\n\t\t\t\t\t\t\t\t\t\t\t<\/a><br \/>\n\t\t\t\t\t<a href=\"https:\/\/twitter.com\/QMiradas\" target=\"_blank\" rel=\"noopener\"><br \/>\n\t\t\t\t\t\tTwitter<br \/>\n\t\t\t\t\t\t\t\t\t\t\t<\/a><br \/>\n\t\t\t\t\t<a href=\"https:\/\/www.instagram.com\/qotrasmiradas\/\" target=\"_blank\" rel=\"noopener\"><br \/>\n\t\t\t\t\t\tInstagram<br \/>\n\t\t\t\t\t\t\t\t\t\t\t<\/a><br \/>\n\t\t\t\t\t\t\t\t\t\t<img decoding=\"async\" width=\"300\" height=\"274\" src=\"http:\/\/queretarootrasmiradas.com\/wp-content\/uploads\/2021\/04\/Mesa-de-trabajo-4@300x-300x274.png\" alt=\"\" loading=\"lazy\" srcset=\"https:\/\/queretarootrasmiradas.com\/wp-content\/uploads\/2021\/04\/Mesa-de-trabajo-4@300x-300x274.png 300w, https:\/\/queretarootrasmiradas.com\/wp-content\/uploads\/2021\/04\/Mesa-de-trabajo-4@300x-1024x934.png 1024w, https:\/\/queretarootrasmiradas.com\/wp-content\/uploads\/2021\/04\/Mesa-de-trabajo-4@300x-768x700.png 768w, https:\/\/queretarootrasmiradas.com\/wp-content\/uploads\/2021\/04\/Mesa-de-trabajo-4@300x-1536x1400.png 1536w, https:\/\/queretarootrasmiradas.com\/wp-content\/uploads\/2021\/04\/Mesa-de-trabajo-4@300x.png 1609w\" sizes=\"auto, (max-width: 300px) 100vw, 300px\" \/>\t\t\t\t\t\t\t\t\t\t\t<\/p>\n<h2>La Nave de los Locos<\/h2>\n<h6>Bienvenid@s a la nave de los locos<\/h6>\n<h5 style=\"text-align: left;\">Se trata de un panfleto sin orden ni concierto, un libelo marginal, en los linderos del fanzine y el diario personal. Nos proponemos hacer una revistucha para pensar el vendaval de nuestro tiempo. Irreverente y que apunte al fondo. Una revista queretana, pero no tanto\u2026 Ni acad\u00e9mica ni pandillera. Et\u00e9rea y evanescente, como la \u00e9poca. Un mont\u00f3n de hojitas que sepan divertirse en el gran teatro del mundo.\u00a0<\/h5>\n<h5 style=\"text-align: left;\">\u00a0\u00a0 Hija de la tradici\u00f3n, se dispondr\u00e1 a ir contra la tradici\u00f3n. Hija de su \u00e9poca, ir\u00e1 contra su \u00e9poca. Rondar\u00e1 la periferia de la historia y se asomar\u00e1 al coraz\u00f3n de la desventura. Que, sabiendo re\u00edr, empezar\u00e1 por re\u00edrse de s\u00ed misma, condici\u00f3n indispensable para re\u00edrse de lo c\u00f3mico que oculta el mundo tras su gesto adusto. Entre la coyuntura y el largo aliento. Entre lo local y lo global.\u00a0<\/h5>\n<h5 style=\"text-align: left;\">\u00a0\u00a0 Una revista contra el periodismo y sus costumbres, sin secciones ni pretensiones, sin periodicidad. Sin nombre, que reflexione libremente sobre los angustiantes, locos y maravillosos a\u00f1os que corren. Por eso se le describe, simplemente, como una <i>revista loca<\/i>. Aparecer\u00e1 cuando le den ganas; como un convivio, saldr\u00e1 cada que se vaya a acabar el mundo o cuando alguno de los loquitos piense que tiene que decir algo antes de morir.\u00a0<\/h5>\n<h5 style=\"text-align: left;\">\u00a0\u00a0 Loca, dislocada, la loca de la casa, m\u00e1s all\u00e1 del soliloquio y la logomaquia. Si existe el <i>Libro Vaquero<\/i>, \u00bfpor qu\u00e9 no una <i>Revista Loca<\/i>? Cada n\u00famero se parecer\u00e1 a s\u00ed mismo. Una revista enferma, con textos t\u00f3xicos para una sociedad enfermita. Lamer heridas y tocar fibras insensibles. El esp\u00edritu de nuestro tiempo y la espiritualidad desde el pantano. \u00bfEs posible el tr\u00e1nsito de la masa an\u00f3nima, veleidosa y vociferante, a peque\u00f1as comunidades organizadas? \u00bfHay margen para deliberar sobre la olvidada fraternidad y explorar todas las posibilidades de lo humano?<\/h5>\n<h5><b>Para el env\u00edo de letras, letrinas, textos y text\u00edculos:<\/b><\/h5>\n<h5><b>Abelardo Rodr\u00edguez, Mirtha Urbina, Ram\u00f3n Mendoza, Luis Dur\u00e1n, Sergio Becerril Calder\u00f3n, Kevin Simon Delgado, Emilio Lozada Fern\u00e1ndez, E. M. Zaragoza.<\/b><\/h5>\n<h5><a href=\"mailto:queretarootrasmiradas@gmail.com\"><b>queretarootrasmiradas@gmail.com<\/b><\/a><\/h5>\n","protected":false},"excerpt":{"rendered":"<p>Facebook Twitter Instagram La Nave de los Locos Bienvenid@s a la nave de los locos Se trata de un panfleto sin orden ni concierto, un libelo marginal, en los linderos del fanzine y el diario personal. Nos proponemos hacer una revistucha para pensar el vendaval de nuestro tiempo. Irreverente y que apunte al fondo. Una [&hellip;]<\/p>\n","protected":false},"author":1,"featured_media":0,"parent":0,"menu_order":0,"comment_status":"closed","ping_status":"closed","template":"elementor_canvas","meta":{"om_disable_all_campaigns":false,"footnotes":""},"class_list":["post-1251","page","type-page","status-publish","hentry"],"_links":{"self":[{"href":"https:\/\/queretarootrasmiradas.com\/index.php\/wp-json\/wp\/v2\/pages\/1251","targetHints":{"allow":["GET"]}}],"collection":[{"href":"https:\/\/queretarootrasmiradas.com\/index.php\/wp-json\/wp\/v2\/pages"}],"about":[{"href":"https:\/\/queretarootrasmiradas.com\/index.php\/wp-json\/wp\/v2\/types\/page"}],"author":[{"embeddable":true,"href":"https:\/\/queretarootrasmiradas.com\/index.php\/wp-json\/wp\/v2\/users\/1"}],"replies":[{"embeddable":true,"href":"https:\/\/queretarootrasmiradas.com\/index.php\/wp-json\/wp\/v2\/comments?post=1251"}],"version-history":[{"count":22,"href":"https:\/\/queretarootrasmiradas.com\/index.php\/wp-json\/wp\/v2\/pages\/1251\/revisions"}],"predecessor-version":[{"id":3390,"href":"https:\/\/queretarootrasmiradas.com\/index.php\/wp-json\/wp\/v2\/pages\/1251\/revisions\/3390"}],"wp:attachment":[{"href":"https:\/\/queretarootrasmiradas.com\/index.php\/wp-json\/wp\/v2\/media?parent=1251"}],"curies":[{"name":"wp","href":"https:\/\/api.w.org\/{rel}","templated":true}]}}