{"id":1286,"date":"2021-04-26T22:13:30","date_gmt":"2021-04-26T22:13:30","guid":{"rendered":"http:\/\/queretarootrasmiradas.com\/?page_id=1286"},"modified":"2021-05-26T01:31:39","modified_gmt":"2021-05-26T01:31:39","slug":"1990-2","status":"publish","type":"page","link":"https:\/\/queretarootrasmiradas.com\/index.php\/1990-2\/","title":{"rendered":"1990"},"content":{"rendered":"<p><a href=\"https:\/\/www.facebook.com\/queretaro.otrasmiradas\" target=\"_blank\" rel=\"noopener\"><br \/>\n\t\t\t\t\t\tFacebook<br \/>\n\t\t\t\t\t\t\t\t\t\t\t<\/a><br \/>\n\t\t\t\t\t<a href=\"https:\/\/twitter.com\/QMiradas\" target=\"_blank\" rel=\"noopener\"><br \/>\n\t\t\t\t\t\tTwitter<br \/>\n\t\t\t\t\t\t\t\t\t\t\t<\/a><br \/>\n\t\t\t\t\t<a href=\"https:\/\/www.instagram.com\/qotrasmiradas\/\" target=\"_blank\" rel=\"noopener\"><br \/>\n\t\t\t\t\t\tInstagram<br \/>\n\t\t\t\t\t\t\t\t\t\t\t<\/a><\/p>\n<ul>\n<li>\n\t\t\t\t\t<a href=\"https:\/\/queretarootrasmiradas.com\/wp-content\/uploads\/2021\/04\/El-Nuevo-Amanecer-de-Quere%CC%81taro-1-21.05.1990.pdf\" target=\"_blank\" rel=\"noopener\"><br \/>\n\t\t\t\t\t\t\t\t\t\tEl Nuevo Amanecer de Quer\u00e9taro 1, 21.05.1990<br \/>\n\t\t\t\t\t\t\t\t\t\t\t<\/a>\n\t\t\t\t\t\t\t\t\t<\/li>\n<li>\n\t\t\t\t\t<a href=\"https:\/\/queretarootrasmiradas.com\/wp-content\/uploads\/2021\/04\/El-Nuevo-Amanecer-de-Quere%CC%81taro-2-28.05.1990.pdf\" target=\"_blank\" rel=\"noopener\"><br \/>\n\t\t\t\t\t\t\t\t\t\tEl Nuevo Amanecer de Quer\u00e9taro 2, 28.05.1990<br \/>\n\t\t\t\t\t\t\t\t\t\t\t<\/a>\n\t\t\t\t\t\t\t\t\t<\/li>\n<li>\n\t\t\t\t\t<a href=\"https:\/\/queretarootrasmiradas.com\/wp-content\/uploads\/2021\/04\/El-Nuevo-Amanecer-de-Quere%CC%81taro-3-04.06.1990.pdf\" target=\"_blank\" rel=\"noopener\"><br \/>\n\t\t\t\t\t\t\t\t\t\tEl Nuevo Amanecer de Quer\u00e9taro 3, 04.06.1990<br \/>\n\t\t\t\t\t\t\t\t\t\t\t<\/a>\n\t\t\t\t\t\t\t\t\t<\/li>\n<li>\n\t\t\t\t\t<a href=\"https:\/\/queretarootrasmiradas.com\/wp-content\/uploads\/2021\/04\/El-Nuevo-Amanecer-de-Quere%CC%81taro-4-11.06.1990.pdf\" target=\"_blank\" rel=\"noopener\"><br \/>\n\t\t\t\t\t\t\t\t\t\tEl Nuevo Amanecer de Quer\u00e9taro 4, 11.06.1990<br \/>\n\t\t\t\t\t\t\t\t\t\t\t<\/a>\n\t\t\t\t\t\t\t\t\t<\/li>\n<li>\n\t\t\t\t\t<a href=\"https:\/\/queretarootrasmiradas.com\/wp-content\/uploads\/2021\/04\/El-Nuevo-Amanecer-de-Quere%CC%81taro-5-18.06.1990.pdf\" target=\"_blank\" rel=\"noopener\"><br \/>\n\t\t\t\t\t\t\t\t\t\tEl Nuevo Amanecer de Quer\u00e9taro 5, 18.06.1990<br \/>\n\t\t\t\t\t\t\t\t\t\t\t<\/a>\n\t\t\t\t\t\t\t\t\t<\/li>\n<li>\n\t\t\t\t\t<a href=\"https:\/\/queretarootrasmiradas.com\/wp-content\/uploads\/2021\/04\/El-Nuevo-Amanecer-de-Quere%CC%81taro-6-25.06.1990.pdf\" target=\"_blank\" rel=\"noopener\"><br \/>\n\t\t\t\t\t\t\t\t\t\tEl Nuevo Amanecer de Quer\u00e9taro 6, 25.06.1990<br \/>\n\t\t\t\t\t\t\t\t\t\t\t<\/a>\n\t\t\t\t\t\t\t\t\t<\/li>\n<li>\n\t\t\t\t\t<a href=\"https:\/\/queretarootrasmiradas.com\/wp-content\/uploads\/2021\/04\/El-Nuevo-Amanecer-de-Quere%CC%81taro-7-02.07.1990.pdf\" target=\"_blank\" rel=\"noopener\"><br \/>\n\t\t\t\t\t\t\t\t\t\tEl Nuevo Amanecer de Quer\u00e9taro 7, 02.07.1990<br \/>\n\t\t\t\t\t\t\t\t\t\t\t<\/a>\n\t\t\t\t\t\t\t\t\t<\/li>\n<li>\n\t\t\t\t\t<a href=\"https:\/\/queretarootrasmiradas.com\/wp-content\/uploads\/2021\/04\/El-Nuevo-Amanecer-de-Quere%CC%81taro-8-09.07.1990.pdf\" target=\"_blank\" rel=\"noopener\"><br \/>\n\t\t\t\t\t\t\t\t\t\tEl Nuevo Amanecer de Quer\u00e9taro 8, 09.07.1990<br \/>\n\t\t\t\t\t\t\t\t\t\t\t<\/a>\n\t\t\t\t\t\t\t\t\t<\/li>\n<li>\n\t\t\t\t\t<a href=\"https:\/\/queretarootrasmiradas.com\/wp-content\/uploads\/2021\/04\/El-Nuevo-Amanecer-de-Quere%CC%81taro-9-16.07.1990.pdf\" target=\"_blank\" rel=\"noopener\"><br \/>\n\t\t\t\t\t\t\t\t\t\tEl Nuevo Amanecer de Quer\u00e9taro 9, 16.07.1990<br \/>\n\t\t\t\t\t\t\t\t\t\t\t<\/a>\n\t\t\t\t\t\t\t\t\t<\/li>\n<li>\n\t\t\t\t\t<a href=\"https:\/\/queretarootrasmiradas.com\/wp-content\/uploads\/2021\/04\/El-Nuevo-Amanecer-de-Quere%CC%81taro-10-23.06.1990.pdf\" target=\"_blank\" rel=\"noopener\"><br \/>\n\t\t\t\t\t\t\t\t\t\tEl Nuevo Amanecer de Quer\u00e9taro 10, 23.06.1990<br \/>\n\t\t\t\t\t\t\t\t\t\t\t<\/a>\n\t\t\t\t\t\t\t\t\t<\/li>\n<li>\n\t\t\t\t\t<a href=\"https:\/\/queretarootrasmiradas.com\/wp-content\/uploads\/2021\/04\/El-Nuevo-Amanecer-de-Quere%CC%81taro-11-30.07.1990.pdf\" target=\"_blank\" rel=\"noopener\"><br \/>\n\t\t\t\t\t\t\t\t\t\tEl Nuevo Amanecer de Quer\u00e9taro 11, 30.05.1990<br \/>\n\t\t\t\t\t\t\t\t\t\t\t<\/a>\n\t\t\t\t\t\t\t\t\t<\/li>\n<li>\n\t\t\t\t\t<a href=\"https:\/\/queretarootrasmiradas.com\/wp-content\/uploads\/2021\/04\/El-Nuevo-Amanecer-de-Quere%CC%81taro-12-06.08.1990.pdf\" target=\"_blank\" rel=\"noopener\"><br \/>\n\t\t\t\t\t\t\t\t\t\tEl Nuevo Amanecer de Quer\u00e9taro 12, 06.08.1990<br \/>\n\t\t\t\t\t\t\t\t\t\t\t<\/a>\n\t\t\t\t\t\t\t\t\t<\/li>\n<li>\n\t\t\t\t\t<a href=\"https:\/\/queretarootrasmiradas.com\/wp-content\/uploads\/2021\/04\/El-Nuevo-Amanecer-de-Quere%CC%81taro-13-13.08.1990.pdf\" target=\"_blank\" rel=\"noopener\"><br \/>\n\t\t\t\t\t\t\t\t\t\tEl Nuevo Amanecer de Quer\u00e9taro 13, 13.08.1990<br \/>\n\t\t\t\t\t\t\t\t\t\t\t<\/a>\n\t\t\t\t\t\t\t\t\t<\/li>\n<li>\n\t\t\t\t\t<a href=\"https:\/\/queretarootrasmiradas.com\/wp-content\/uploads\/2021\/04\/El-Nuevo-Amanecer-de-Quere%CC%81taro-14-20.08.1990.pdf\" target=\"_blank\" rel=\"noopener\"><br \/>\n\t\t\t\t\t\t\t\t\t\tEl Nuevo Amanecer de Quer\u00e9taro 14, 20.08.1990<br \/>\n\t\t\t\t\t\t\t\t\t\t\t<\/a>\n\t\t\t\t\t\t\t\t\t<\/li>\n<li>\n\t\t\t\t\t<a href=\"https:\/\/queretarootrasmiradas.com\/wp-content\/uploads\/2021\/04\/El-Nuevo-Amanecer-de-Quere%CC%81taro-15-27.08.1990.pdf\" target=\"_blank\" rel=\"noopener\"><br \/>\n\t\t\t\t\t\t\t\t\t\tEl Nuevo Amanecer de Quer\u00e9taro 15, 27.08.1990<br \/>\n\t\t\t\t\t\t\t\t\t\t\t<\/a>\n\t\t\t\t\t\t\t\t\t<\/li>\n<li>\n\t\t\t\t\t<a href=\"https:\/\/queretarootrasmiradas.com\/wp-content\/uploads\/2021\/04\/El-Nuevo-Amanecer-de-Quere%CC%81taro-16-03.09.1990.pdf\" target=\"_blank\" rel=\"noopener\"><br \/>\n\t\t\t\t\t\t\t\t\t\tEl Nuevo Amanecer de Quer\u00e9taro 16, 03.09.1990<br \/>\n\t\t\t\t\t\t\t\t\t\t\t<\/a>\n\t\t\t\t\t\t\t\t\t<\/li>\n<li>\n\t\t\t\t\t<a href=\"https:\/\/queretarootrasmiradas.com\/wp-content\/uploads\/2021\/04\/El-Nuevo-Amanecer-de-Quere%CC%81taro-17-10.09.1990.pdf\" target=\"_blank\" rel=\"noopener\"><br \/>\n\t\t\t\t\t\t\t\t\t\tEl Nuevo Amanecer de Quer\u00e9taro 17, 10.09.1990<br \/>\n\t\t\t\t\t\t\t\t\t\t\t<\/a>\n\t\t\t\t\t\t\t\t\t<\/li>\n<li>\n\t\t\t\t\t<a href=\"https:\/\/queretarootrasmiradas.com\/wp-content\/uploads\/2021\/04\/El-Nuevo-Amanecer-de-Quere%CC%81taro-18-17.09.1990.pdf\" target=\"_blank\" rel=\"noopener\"><br \/>\n\t\t\t\t\t\t\t\t\t\tEl Nuevo Amanecer de Quer\u00e9taro 18, 17.09.1990<br \/>\n\t\t\t\t\t\t\t\t\t\t\t<\/a>\n\t\t\t\t\t\t\t\t\t<\/li>\n<li>\n\t\t\t\t\t<a href=\"https:\/\/queretarootrasmiradas.com\/wp-content\/uploads\/2021\/04\/El-Nuevo-Amanecer-de-Quere%CC%81taro-19-24.09.1990.pdf\" target=\"_blank\" rel=\"noopener\"><br \/>\n\t\t\t\t\t\t\t\t\t\tEl Nuevo Amanecer de Quer\u00e9taro 19, 24.09.1990<br \/>\n\t\t\t\t\t\t\t\t\t\t\t<\/a>\n\t\t\t\t\t\t\t\t\t<\/li>\n<li>\n\t\t\t\t\t<a href=\"https:\/\/queretarootrasmiradas.com\/wp-content\/uploads\/2021\/04\/El-Nuevo-Amanecer-de-Quere%CC%81taro-20-01.10.1990.pdf\" target=\"_blank\" rel=\"noopener\"><br \/>\n\t\t\t\t\t\t\t\t\t\tEl Nuevo Amanecer de Quer\u00e9taro 20, 01.10.1990<br \/>\n\t\t\t\t\t\t\t\t\t\t\t<\/a>\n\t\t\t\t\t\t\t\t\t<\/li>\n<li>\n\t\t\t\t\t<a href=\"https:\/\/queretarootrasmiradas.com\/wp-content\/uploads\/2021\/04\/El-Nuevo-Amanecer-de-Quere%CC%81taro-21-08.10.1990.pdf\" target=\"_blank\" rel=\"noopener\"><br \/>\n\t\t\t\t\t\t\t\t\t\tEl Nuevo Amanecer de Quer\u00e9taro 21, 08.10.1990<br \/>\n\t\t\t\t\t\t\t\t\t\t\t<\/a>\n\t\t\t\t\t\t\t\t\t<\/li>\n<li>\n\t\t\t\t\t<a href=\"https:\/\/queretarootrasmiradas.com\/wp-content\/uploads\/2021\/04\/El-Nuevo-Amanecer-de-Quere%CC%81taro-22-23-22.10.1990.pdf\" target=\"_blank\" rel=\"noopener\"><br \/>\n\t\t\t\t\t\t\t\t\t\tEl Nuevo Amanecer de Quer\u00e9taro 22 &#8211; 23, 22.10.1990<br \/>\n\t\t\t\t\t\t\t\t\t\t\t<\/a>\n\t\t\t\t\t\t\t\t\t<\/li>\n<li>\n\t\t\t\t\t<a href=\"https:\/\/queretarootrasmiradas.com\/wp-content\/uploads\/2021\/04\/El-Nuevo-Amanecer-de-Quere%CC%81taro-24-29.10.1990.pdf\" target=\"_blank\" rel=\"noopener\"><br \/>\n\t\t\t\t\t\t\t\t\t\tEl Nuevo Amanecer de Quer\u00e9taro 24, 29.10.1990<br \/>\n\t\t\t\t\t\t\t\t\t\t\t<\/a>\n\t\t\t\t\t\t\t\t\t<\/li>\n<li>\n\t\t\t\t\t<a href=\"https:\/\/queretarootrasmiradas.com\/wp-content\/uploads\/2021\/04\/El-Nuevo-Amanecer-de-Quere%CC%81taro-25-05.11.1990.pdf\" target=\"_blank\" rel=\"noopener\"><br \/>\n\t\t\t\t\t\t\t\t\t\tEl Nuevo Amanecer de Quer\u00e9taro 25, 05.11.1990<br \/>\n\t\t\t\t\t\t\t\t\t\t\t<\/a>\n\t\t\t\t\t\t\t\t\t<\/li>\n<li>\n\t\t\t\t\t<a href=\"https:\/\/queretarootrasmiradas.com\/wp-content\/uploads\/2021\/04\/El-Nuevo-Amanecer-de-Quere%CC%81taro-26-12.11.1990.pdf\" target=\"_blank\" rel=\"noopener\"><br \/>\n\t\t\t\t\t\t\t\t\t\tEl Nuevo Amanecer de Quer\u00e9taro 26, 12.11.1990<br \/>\n\t\t\t\t\t\t\t\t\t\t\t<\/a>\n\t\t\t\t\t\t\t\t\t<\/li>\n<li>\n\t\t\t\t\t<a href=\"https:\/\/queretarootrasmiradas.com\/wp-content\/uploads\/2021\/04\/El-Nuevo-Amanecer-de-Quere%CC%81taro-27-19.11.1990.pdf\" target=\"_blank\" rel=\"noopener\"><br \/>\n\t\t\t\t\t\t\t\t\t\tEl Nuevo Amanecer de Quer\u00e9taro 27, 19.11.1990<br \/>\n\t\t\t\t\t\t\t\t\t\t\t<\/a>\n\t\t\t\t\t\t\t\t\t<\/li>\n<li>\n\t\t\t\t\t<a href=\"https:\/\/queretarootrasmiradas.com\/wp-content\/uploads\/2021\/04\/El-Nuevo-Amanecer-de-Quere%CC%81taro-28-26.11.1990.pdf\" target=\"_blank\" rel=\"noopener\"><br \/>\n\t\t\t\t\t\t\t\t\t\tEl Nuevo Amanecer de Quer\u00e9taro 28, 26.11.1990<br \/>\n\t\t\t\t\t\t\t\t\t\t\t<\/a>\n\t\t\t\t\t\t\t\t\t<\/li>\n<li>\n\t\t\t\t\t<a href=\"https:\/\/queretarootrasmiradas.com\/wp-content\/uploads\/2021\/04\/El-Nuevo-Amanecer-de-Quere%CC%81taro-29-03.12.1990.pdf\" target=\"_blank\" rel=\"noopener\"><br \/>\n\t\t\t\t\t\t\t\t\t\tEl Nuevo Amanecer de Quer\u00e9taro 29, 03.12.1990<br \/>\n\t\t\t\t\t\t\t\t\t\t\t<\/a>\n\t\t\t\t\t\t\t\t\t<\/li>\n<li>\n\t\t\t\t\t<a href=\"https:\/\/queretarootrasmiradas.com\/wp-content\/uploads\/2021\/04\/El-Nuevo-Amanecer-de-Quere%CC%81taro-30-10.12.1990.pdf\" target=\"_blank\" rel=\"noopener\"><br \/>\n\t\t\t\t\t\t\t\t\t\tEl Nuevo Amanecer de Quer\u00e9taro 30, 10.12.1990<br \/>\n\t\t\t\t\t\t\t\t\t\t\t<\/a>\n\t\t\t\t\t\t\t\t\t<\/li>\n<li>\n\t\t\t\t\t<a href=\"https:\/\/queretarootrasmiradas.com\/wp-content\/uploads\/2021\/04\/El-Nuevo-Amanecer-de-Quere%CC%81taro-31-17.12.1990.pdf\" target=\"_blank\" rel=\"noopener\"><br \/>\n\t\t\t\t\t\t\t\t\t\tEl Nuevo Amanecer de Quer\u00e9taro 31, 17.12.1990<br \/>\n\t\t\t\t\t\t\t\t\t\t\t<\/a>\n\t\t\t\t\t\t\t\t\t<\/li>\n<li>\n\t\t\t\t\t<a href=\"https:\/\/queretarootrasmiradas.com\/wp-content\/uploads\/2021\/04\/El-Nuevo-Amanecer-de-Quere%CC%81taro-32-24.12.1990.pdf\" target=\"_blank\" rel=\"noopener\"><br \/>\n\t\t\t\t\t\t\t\t\t\tEl Nuevo Amanecer de Quer\u00e9taro 32, 21.05.1990<br \/>\n\t\t\t\t\t\t\t\t\t\t\t<\/a>\n\t\t\t\t\t\t\t\t\t<\/li>\n<\/ul>\n<p>\t\t\t\t\t\t\t\t\t\t<img decoding=\"async\" width=\"800\" height=\"209\" src=\"http:\/\/queretarootrasmiradas.com\/wp-content\/uploads\/2021\/05\/nuevoamanecer@300x-1024x268.png\" alt=\"\" srcset=\"https:\/\/queretarootrasmiradas.com\/wp-content\/uploads\/2021\/05\/nuevoamanecer@300x-1024x268.png 1024w, https:\/\/queretarootrasmiradas.com\/wp-content\/uploads\/2021\/05\/nuevoamanecer@300x-300x78.png 300w, https:\/\/queretarootrasmiradas.com\/wp-content\/uploads\/2021\/05\/nuevoamanecer@300x-768x201.png 768w, https:\/\/queretarootrasmiradas.com\/wp-content\/uploads\/2021\/05\/nuevoamanecer@300x-1536x402.png 1536w, https:\/\/queretarootrasmiradas.com\/wp-content\/uploads\/2021\/05\/nuevoamanecer@300x-2048x536.png 2048w, https:\/\/queretarootrasmiradas.com\/wp-content\/uploads\/2021\/05\/nuevoamanecer@300x-20x5.png 20w\" sizes=\"(max-width: 800px) 100vw, 800px\" \/><\/p>\n","protected":false},"excerpt":{"rendered":"<p>Facebook Twitter Instagram El Nuevo Amanecer de Quer\u00e9taro 1, 21.05.1990 El Nuevo Amanecer de Quer\u00e9taro 2, 28.05.1990 El Nuevo Amanecer de Quer\u00e9taro 3, 04.06.1990 El Nuevo Amanecer de Quer\u00e9taro 4, 11.06.1990 El Nuevo Amanecer de Quer\u00e9taro 5, 18.06.1990 El Nuevo Amanecer de Quer\u00e9taro 6, 25.06.1990 El Nuevo Amanecer de Quer\u00e9taro 7, 02.07.1990 El Nuevo Amanecer [&hellip;]<\/p>\n","protected":false},"author":1,"featured_media":0,"parent":0,"menu_order":0,"comment_status":"closed","ping_status":"closed","template":"elementor_canvas","meta":{"om_disable_all_campaigns":false,"footnotes":""},"class_list":["post-1286","page","type-page","status-publish","hentry"],"_links":{"self":[{"href":"https:\/\/queretarootrasmiradas.com\/index.php\/wp-json\/wp\/v2\/pages\/1286","targetHints":{"allow":["GET"]}}],"collection":[{"href":"https:\/\/queretarootrasmiradas.com\/index.php\/wp-json\/wp\/v2\/pages"}],"about":[{"href":"https:\/\/queretarootrasmiradas.com\/index.php\/wp-json\/wp\/v2\/types\/page"}],"author":[{"embeddable":true,"href":"https:\/\/queretarootrasmiradas.com\/index.php\/wp-json\/wp\/v2\/users\/1"}],"replies":[{"embeddable":true,"href":"https:\/\/queretarootrasmiradas.com\/index.php\/wp-json\/wp\/v2\/comments?post=1286"}],"version-history":[{"count":103,"href":"https:\/\/queretarootrasmiradas.com\/index.php\/wp-json\/wp\/v2\/pages\/1286\/revisions"}],"predecessor-version":[{"id":3536,"href":"https:\/\/queretarootrasmiradas.com\/index.php\/wp-json\/wp\/v2\/pages\/1286\/revisions\/3536"}],"wp:attachment":[{"href":"https:\/\/queretarootrasmiradas.com\/index.php\/wp-json\/wp\/v2\/media?parent=1286"}],"curies":[{"name":"wp","href":"https:\/\/api.w.org\/{rel}","templated":true}]}}