{"id":1288,"date":"2021-04-26T22:13:48","date_gmt":"2021-04-26T22:13:48","guid":{"rendered":"http:\/\/queretarootrasmiradas.com\/?page_id=1288"},"modified":"2021-05-26T18:28:23","modified_gmt":"2021-05-26T18:28:23","slug":"1991-2","status":"publish","type":"page","link":"https:\/\/queretarootrasmiradas.com\/index.php\/1991-2\/","title":{"rendered":"1991"},"content":{"rendered":"<p><a href=\"https:\/\/www.facebook.com\/queretaro.otrasmiradas\" target=\"_blank\" rel=\"noopener\"><br \/>\n\t\t\t\t\t\tFacebook<br \/>\n\t\t\t\t\t\t\t\t\t\t\t<\/a><br \/>\n\t\t\t\t\t<a href=\"https:\/\/twitter.com\/QMiradas\" target=\"_blank\" rel=\"noopener\"><br \/>\n\t\t\t\t\t\tTwitter<br \/>\n\t\t\t\t\t\t\t\t\t\t\t<\/a><br \/>\n\t\t\t\t\t<a href=\"https:\/\/www.instagram.com\/qotrasmiradas\/\" target=\"_blank\" rel=\"noopener\"><br \/>\n\t\t\t\t\t\tInstagram<br \/>\n\t\t\t\t\t\t\t\t\t\t\t<\/a><\/p>\n<ul>\n<li>\n\t\t\t\t\t<a href=\"https:\/\/queretarootrasmiradas.com\/wp-content\/uploads\/2021\/04\/El-Nuevo-Amanecer-de-Quere%CC%81taro-33-01.01.1991.pdf\"><br \/>\n\t\t\t\t\t\t\t\t\t\tEl Nuevo Amanecer de Quer\u00e9taro 33, 01.01.1991<br \/>\n\t\t\t\t\t\t\t\t\t\t\t<\/a>\n\t\t\t\t\t\t\t\t\t<\/li>\n<li>\n\t\t\t\t\t<a href=\"https:\/\/queretarootrasmiradas.com\/wp-content\/uploads\/2021\/04\/El-Nuevo-Amanecer-de-Quere%CC%81taro-34-07.01.1991.pdf\"><br \/>\n\t\t\t\t\t\t\t\t\t\tEl Nuevo Amanecer de Quer\u00e9taro 34, 07.01.1991<br \/>\n\t\t\t\t\t\t\t\t\t\t\t<\/a>\n\t\t\t\t\t\t\t\t\t<\/li>\n<li>\n\t\t\t\t\t<a href=\"https:\/\/queretarootrasmiradas.com\/wp-content\/uploads\/2021\/04\/El-Nuevo-Amanecer-de-Quere%CC%81taro-35-14.01.1991.pdf\"><br \/>\n\t\t\t\t\t\t\t\t\t\tEl Nuevo Amanecer de Quer\u00e9taro 35, 14.01.1991<br \/>\n\t\t\t\t\t\t\t\t\t\t\t<\/a>\n\t\t\t\t\t\t\t\t\t<\/li>\n<li>\n\t\t\t\t\t<a href=\"https:\/\/queretarootrasmiradas.com\/wp-content\/uploads\/2021\/04\/El-Nuevo-Amanecer-de-Quere%CC%81taro-36-21.01.1991.pdf\"><br \/>\n\t\t\t\t\t\t\t\t\t\tEl Nuevo Amanecer de Quer\u00e9taro 36, 21.01.1991<br \/>\n\t\t\t\t\t\t\t\t\t\t\t<\/a>\n\t\t\t\t\t\t\t\t\t<\/li>\n<li>\n\t\t\t\t\t<a href=\"https:\/\/queretarootrasmiradas.com\/wp-content\/uploads\/2021\/04\/El-Nuevo-Amanecer-de-Quere%CC%81taro-37-04.02.1991.pdf\"><br \/>\n\t\t\t\t\t\t\t\t\t\tEl Nuevo Amanecer de Quer\u00e9taro 37, 04.02.1991<br \/>\n\t\t\t\t\t\t\t\t\t\t\t<\/a>\n\t\t\t\t\t\t\t\t\t<\/li>\n<li>\n\t\t\t\t\t<a href=\"https:\/\/queretarootrasmiradas.com\/wp-content\/uploads\/2021\/04\/El-Nuevo-Amanecer-de-Quere%CC%81taro-39-11.02.1991.pdf\"><br \/>\n\t\t\t\t\t\t\t\t\t\tEl Nuevo Amanecer de Quer\u00e9taro 39, 11.02.1991<br \/>\n\t\t\t\t\t\t\t\t\t\t\t<\/a>\n\t\t\t\t\t\t\t\t\t<\/li>\n<li>\n\t\t\t\t\t<a href=\"https:\/\/queretarootrasmiradas.com\/wp-content\/uploads\/2021\/04\/El-Nuevo-Amanecer-de-Quere%CC%81taro-40-18.02.1991.pdf\"><br \/>\n\t\t\t\t\t\t\t\t\t\tEl Nuevo Amanecer de Quer\u00e9taro 40, 18.02.1991<br \/>\n\t\t\t\t\t\t\t\t\t\t\t<\/a>\n\t\t\t\t\t\t\t\t\t<\/li>\n<li>\n\t\t\t\t\t<a href=\"https:\/\/queretarootrasmiradas.com\/wp-content\/uploads\/2021\/04\/El-Nuevo-Amanecer-de-Quere%CC%81taro-41-25.02.1991.pdf\"><br \/>\n\t\t\t\t\t\t\t\t\t\tEl Nuevo Amanecer de Quer\u00e9taro 41, 25.02.1991<br \/>\n\t\t\t\t\t\t\t\t\t\t\t<\/a>\n\t\t\t\t\t\t\t\t\t<\/li>\n<li>\n\t\t\t\t\t<a href=\"https:\/\/queretarootrasmiradas.com\/wp-content\/uploads\/2021\/04\/El-Nuevo-Amanecer-de-Quere%CC%81taro-42-04.03.1991.pdf\"><br \/>\n\t\t\t\t\t\t\t\t\t\tEl Nuevo Amanecer de Quer\u00e9taro 42, 04.03.1991<br \/>\n\t\t\t\t\t\t\t\t\t\t\t<\/a>\n\t\t\t\t\t\t\t\t\t<\/li>\n<li>\n\t\t\t\t\t<a href=\"https:\/\/queretarootrasmiradas.com\/wp-content\/uploads\/2021\/04\/El-Nuevo-Amanecer-de-Quere%CC%81taro-43-11.03.1991.pdf\"><br \/>\n\t\t\t\t\t\t\t\t\t\tEl Nuevo Amanecer de Quer\u00e9taro 43, 11.03.1991<br \/>\n\t\t\t\t\t\t\t\t\t\t\t<\/a>\n\t\t\t\t\t\t\t\t\t<\/li>\n<li>\n\t\t\t\t\t<a href=\"https:\/\/queretarootrasmiradas.com\/wp-content\/uploads\/2021\/04\/El-Nuevo-Amanecer-de-Quere%CC%81taro-44-18.03.1991.pdf\"><br \/>\n\t\t\t\t\t\t\t\t\t\tEl Nuevo Amanecer de Quer\u00e9taro 44, 18.03.1991<br \/>\n\t\t\t\t\t\t\t\t\t\t\t<\/a>\n\t\t\t\t\t\t\t\t\t<\/li>\n<li>\n\t\t\t\t\t<a href=\"https:\/\/queretarootrasmiradas.com\/wp-content\/uploads\/2021\/04\/El-Nuevo-Amanecer-de-Quere%CC%81taro-45-25.03.1991.pdf\"><br \/>\n\t\t\t\t\t\t\t\t\t\tEl Nuevo Amanecer de Quer\u00e9taro 45, 25.03.1991<br \/>\n\t\t\t\t\t\t\t\t\t\t\t<\/a>\n\t\t\t\t\t\t\t\t\t<\/li>\n<li>\n\t\t\t\t\t<a href=\"https:\/\/queretarootrasmiradas.com\/wp-content\/uploads\/2021\/04\/El-Nuevo-Amanecer-de-Quere%CC%81taro-46-01.04.1991.pdf\"><br \/>\n\t\t\t\t\t\t\t\t\t\tEl Nuevo Amanecer de Quer\u00e9taro 46, 01.04.1991<br \/>\n\t\t\t\t\t\t\t\t\t\t\t<\/a>\n\t\t\t\t\t\t\t\t\t<\/li>\n<li>\n\t\t\t\t\t<a href=\"https:\/\/queretarootrasmiradas.com\/wp-content\/uploads\/2021\/04\/El-Nuevo-Amanecer-de-Quere%CC%81taro-47-08.04.1991.pdf\"><br \/>\n\t\t\t\t\t\t\t\t\t\tEl Nuevo Amanecer de Quer\u00e9taro 47, 08.04.1991<br \/>\n\t\t\t\t\t\t\t\t\t\t\t<\/a>\n\t\t\t\t\t\t\t\t\t<\/li>\n<li>\n\t\t\t\t\t<a href=\"https:\/\/queretarootrasmiradas.com\/wp-content\/uploads\/2021\/04\/El-Nuevo-Amanecer-de-Quere%CC%81taro-48-15.04.1991.pdf\"><br \/>\n\t\t\t\t\t\t\t\t\t\tEl Nuevo Amanecer de Quer\u00e9taro 48, 15.04.1991<br \/>\n\t\t\t\t\t\t\t\t\t\t\t<\/a>\n\t\t\t\t\t\t\t\t\t<\/li>\n<li>\n\t\t\t\t\t<a href=\"https:\/\/queretarootrasmiradas.com\/wp-content\/uploads\/2021\/04\/El-Nuevo-Amanecer-de-Quere%CC%81taro-49-22.04.1991.pdf\"><br \/>\n\t\t\t\t\t\t\t\t\t\tEl Nuevo Amanecer de Quere\u0301taro 49, 22.04.1991<br \/>\n\t\t\t\t\t\t\t\t\t\t\t<\/a>\n\t\t\t\t\t\t\t\t\t<\/li>\n<li>\n\t\t\t\t\t<a href=\"https:\/\/queretarootrasmiradas.com\/wp-content\/uploads\/2021\/04\/El-Nuevo-Amanecer-de-Quere%CC%81taro-50-29.04.1991.pdf\"><br \/>\n\t\t\t\t\t\t\t\t\t\tEl Nuevo Amanecer de Quere\u0301taro 50, 29.04.1991<br \/>\n\t\t\t\t\t\t\t\t\t\t\t<\/a>\n\t\t\t\t\t\t\t\t\t<\/li>\n<li>\n\t\t\t\t\t<a href=\"https:\/\/queretarootrasmiradas.com\/wp-content\/uploads\/2021\/04\/El-Nuevo-Amanecer-de-Quere%CC%81taro-51-06.05.1991.pdf\"><br \/>\n\t\t\t\t\t\t\t\t\t\tEl Nuevo Amanecer de Quere\u0301taro 51, 06.05.1991<br \/>\n\t\t\t\t\t\t\t\t\t\t\t<\/a>\n\t\t\t\t\t\t\t\t\t<\/li>\n<li>\n\t\t\t\t\t<a href=\"https:\/\/queretarootrasmiradas.com\/wp-content\/uploads\/2021\/04\/El-Nuevo-Amanecer-de-Quere%CC%81taro-52-13.05.1991.pdf\"><br \/>\n\t\t\t\t\t\t\t\t\t\tEl Nuevo Amanecer de Quere\u0301taro 52, 13.05.1991<br \/>\n\t\t\t\t\t\t\t\t\t\t\t<\/a>\n\t\t\t\t\t\t\t\t\t<\/li>\n<li>\n\t\t\t\t\t<a href=\"https:\/\/queretarootrasmiradas.com\/wp-content\/uploads\/2021\/04\/El-Nuevo-Amanecer-de-Quere%CC%81taro-53-20.05.1991.pdf\"><br \/>\n\t\t\t\t\t\t\t\t\t\tEl Nuevo Amanecer de Quere\u0301taro 53, 20.05.1991<br \/>\n\t\t\t\t\t\t\t\t\t\t\t<\/a>\n\t\t\t\t\t\t\t\t\t<\/li>\n<li>\n\t\t\t\t\t<a href=\"https:\/\/queretarootrasmiradas.com\/wp-content\/uploads\/2021\/04\/El-Nuevo-Amanecer-de-Quere%CC%81taro-54-27.05.1991.pdf\"><br \/>\n\t\t\t\t\t\t\t\t\t\tEl Nuevo Amanecer de Quere\u0301taro 54, 27.05.1991<br \/>\n\t\t\t\t\t\t\t\t\t\t\t<\/a>\n\t\t\t\t\t\t\t\t\t<\/li>\n<li>\n\t\t\t\t\t<a href=\"https:\/\/queretarootrasmiradas.com\/wp-content\/uploads\/2021\/04\/El-Nuevo-Amanecer-de-Quere%CC%81taro-55-03.06.1991.pdf\"><br \/>\n\t\t\t\t\t\t\t\t\t\tEl Nuevo Amanecer de Quere\u0301taro 55, 03.06.1991<br \/>\n\t\t\t\t\t\t\t\t\t\t\t<\/a>\n\t\t\t\t\t\t\t\t\t<\/li>\n<li>\n\t\t\t\t\t<a href=\"https:\/\/queretarootrasmiradas.com\/wp-content\/uploads\/2021\/04\/El-Nuevo-Amanecer-de-Quere%CC%81taro-56-10.06.1991.pdf\"><br \/>\n\t\t\t\t\t\t\t\t\t\tEl Nuevo Amanecer de Quere\u0301taro 56, 10.06.1991<br \/>\n\t\t\t\t\t\t\t\t\t\t\t<\/a>\n\t\t\t\t\t\t\t\t\t<\/li>\n<li>\n\t\t\t\t\t<a href=\"https:\/\/queretarootrasmiradas.com\/wp-content\/uploads\/2021\/04\/El-Nuevo-Amanecer-de-Quere%CC%81taro-57-17.06.1991.pdf\"><br \/>\n\t\t\t\t\t\t\t\t\t\tEl Nuevo Amanecer de Quere\u0301taro 57, 17.06.1991<br \/>\n\t\t\t\t\t\t\t\t\t\t\t<\/a>\n\t\t\t\t\t\t\t\t\t<\/li>\n<li>\n\t\t\t\t\t<a href=\"https:\/\/queretarootrasmiradas.com\/wp-content\/uploads\/2021\/04\/El-Nuevo-Amanecer-de-Quere%CC%81taro-58-24.06.1991.pdf\"><br \/>\n\t\t\t\t\t\t\t\t\t\tEl Nuevo Amanecer de Quere\u0301taro 58, 24.06.1991<br \/>\n\t\t\t\t\t\t\t\t\t\t\t<\/a>\n\t\t\t\t\t\t\t\t\t<\/li>\n<li>\n\t\t\t\t\t<a href=\"https:\/\/queretarootrasmiradas.com\/wp-content\/uploads\/2021\/04\/El-Nuevo-Amanecer-de-Quere%CC%81taro-59-01.07.1991.pdf\"><br \/>\n\t\t\t\t\t\t\t\t\t\tEl Nuevo Amanecer de Quere\u0301taro 59, 01.07.1991<br \/>\n\t\t\t\t\t\t\t\t\t\t\t<\/a>\n\t\t\t\t\t\t\t\t\t<\/li>\n<li>\n\t\t\t\t\t<a href=\"https:\/\/queretarootrasmiradas.com\/wp-content\/uploads\/2021\/04\/El-Nuevo-Amanecer-de-Quere%CC%81taro-60-08.07.1991.pdf\"><br \/>\n\t\t\t\t\t\t\t\t\t\tEl Nuevo Amanecer de Quere\u0301taro 60, 08.07.1991<br \/>\n\t\t\t\t\t\t\t\t\t\t\t<\/a>\n\t\t\t\t\t\t\t\t\t<\/li>\n<li>\n\t\t\t\t\t<a href=\"https:\/\/queretarootrasmiradas.com\/wp-content\/uploads\/2021\/04\/El-Nuevo-Amanecer-de-Quere%CC%81taro-61-15.07.1991.pdf\"><br \/>\n\t\t\t\t\t\t\t\t\t\tEl Nuevo Amanecer de Quere\u0301taro 61, 15.07.1991<br \/>\n\t\t\t\t\t\t\t\t\t\t\t<\/a>\n\t\t\t\t\t\t\t\t\t<\/li>\n<li>\n\t\t\t\t\t<a href=\"https:\/\/queretarootrasmiradas.com\/wp-content\/uploads\/2021\/04\/El-Nuevo-Amanecer-de-Quere%CC%81taro-62-22.07.1991.pdf\"><br \/>\n\t\t\t\t\t\t\t\t\t\tEl Nuevo Amanecer de Quere\u0301taro 62, 22.07.1991<br \/>\n\t\t\t\t\t\t\t\t\t\t\t<\/a>\n\t\t\t\t\t\t\t\t\t<\/li>\n<li>\n\t\t\t\t\t<a href=\"https:\/\/queretarootrasmiradas.com\/wp-content\/uploads\/2021\/04\/El-Nuevo-Amanecer-de-Quere%CC%81taro-63-29.07.1991.pdf\"><br \/>\n\t\t\t\t\t\t\t\t\t\tEl Nuevo Amanecer de Quere\u0301taro 63, 29.07.1991<br \/>\n\t\t\t\t\t\t\t\t\t\t\t<\/a>\n\t\t\t\t\t\t\t\t\t<\/li>\n<li>\n\t\t\t\t\t<a href=\"https:\/\/queretarootrasmiradas.com\/wp-content\/uploads\/2021\/04\/El-Nuevo-Amanecer-de-Quere%CC%81taro-65-12.08.1991.pdf\"><br \/>\n\t\t\t\t\t\t\t\t\t\tEl Nuevo Amanecer de Quere\u0301taro 65, 12.08.1991<br \/>\n\t\t\t\t\t\t\t\t\t\t\t<\/a>\n\t\t\t\t\t\t\t\t\t<\/li>\n<li>\n\t\t\t\t\t<a href=\"https:\/\/queretarootrasmiradas.com\/wp-content\/uploads\/2021\/04\/El-Nuevo-Amanecer-de-Quere%CC%81taro-66-19.08.1991.pdf\"><br \/>\n\t\t\t\t\t\t\t\t\t\tEl Nuevo Amanecer de Quere\u0301taro 66, 19.08.1991<br \/>\n\t\t\t\t\t\t\t\t\t\t\t<\/a>\n\t\t\t\t\t\t\t\t\t<\/li>\n<li>\n\t\t\t\t\t<a href=\"https:\/\/queretarootrasmiradas.com\/wp-content\/uploads\/2021\/04\/El-Nuevo-Amanecer-de-Quere%CC%81taro-67-26.08.1991.pdf\"><br \/>\n\t\t\t\t\t\t\t\t\t\tEl Nuevo Amanecer de Quere\u0301taro 67, 26.08.1991<br \/>\n\t\t\t\t\t\t\t\t\t\t\t<\/a>\n\t\t\t\t\t\t\t\t\t<\/li>\n<li>\n\t\t\t\t\t<a href=\"https:\/\/queretarootrasmiradas.com\/wp-content\/uploads\/2021\/04\/El-Nuevo-Amanecer-de-Quere%CC%81taro-68-03.09.1991.pdf\"><br \/>\n\t\t\t\t\t\t\t\t\t\tEl Nuevo Amanecer de Quere\u0301taro 68, 03.09.1991<br \/>\n\t\t\t\t\t\t\t\t\t\t\t<\/a>\n\t\t\t\t\t\t\t\t\t<\/li>\n<li>\n\t\t\t\t\t<a href=\"https:\/\/queretarootrasmiradas.com\/wp-content\/uploads\/2021\/04\/El-Nuevo-Amanecer-de-Quere%CC%81taro-69-09.09.1991.pdf\"><br \/>\n\t\t\t\t\t\t\t\t\t\tEl Nuevo Amanecer de Quere\u0301taro 69, 09.09.1991<br \/>\n\t\t\t\t\t\t\t\t\t\t\t<\/a>\n\t\t\t\t\t\t\t\t\t<\/li>\n<li>\n\t\t\t\t\t<a href=\"https:\/\/queretarootrasmiradas.com\/wp-content\/uploads\/2021\/04\/El-Nuevo-Amanecer-de-Quere%CC%81taro-70-16.09.1991.pdf\"><br \/>\n\t\t\t\t\t\t\t\t\t\tEl Nuevo Amanecer de Quere\u0301taro 70, 16.09.1991<br \/>\n\t\t\t\t\t\t\t\t\t\t\t<\/a>\n\t\t\t\t\t\t\t\t\t<\/li>\n<li>\n\t\t\t\t\t<a href=\"https:\/\/queretarootrasmiradas.com\/wp-content\/uploads\/2021\/04\/El-Nuevo-Amanecer-de-Quere%CC%81taro-71-23.09.1991.pdf\"><br \/>\n\t\t\t\t\t\t\t\t\t\tEl Nuevo Amanecer de Quere\u0301taro 71, 23.09.1991<br \/>\n\t\t\t\t\t\t\t\t\t\t\t<\/a>\n\t\t\t\t\t\t\t\t\t<\/li>\n<li>\n\t\t\t\t\t<a href=\"https:\/\/queretarootrasmiradas.com\/wp-content\/uploads\/2021\/04\/El-Nuevo-Amanecer-de-Quere%CC%81taro-72-30.09.1991.pdf\"><br \/>\n\t\t\t\t\t\t\t\t\t\tEl Nuevo Amanecer de Quere\u0301taro 72, 30.09.1991<br \/>\n\t\t\t\t\t\t\t\t\t\t\t<\/a>\n\t\t\t\t\t\t\t\t\t<\/li>\n<li>\n\t\t\t\t\t<a href=\"https:\/\/queretarootrasmiradas.com\/wp-content\/uploads\/2021\/04\/El-Nuevo-Amanecer-de-Quere%CC%81taro-73-07.10.1991.pdf\"><br \/>\n\t\t\t\t\t\t\t\t\t\tEl Nuevo Amanecer de Quere\u0301taro 73, 07.10.1991<br \/>\n\t\t\t\t\t\t\t\t\t\t\t<\/a>\n\t\t\t\t\t\t\t\t\t<\/li>\n<li>\n\t\t\t\t\t<a href=\"https:\/\/queretarootrasmiradas.com\/wp-content\/uploads\/2021\/04\/El-Nuevo-Amanecer-de-Quere%CC%81taro-74-14.10.1991.pdf\"><br \/>\n\t\t\t\t\t\t\t\t\t\tEl Nuevo Amanecer de Quere\u0301taro 74, 14.10.1991<br \/>\n\t\t\t\t\t\t\t\t\t\t\t<\/a>\n\t\t\t\t\t\t\t\t\t<\/li>\n<li>\n\t\t\t\t\t<a href=\"https:\/\/queretarootrasmiradas.com\/wp-content\/uploads\/2021\/04\/El-Nuevo-Amanecer-de-Quere%CC%81taro-75-21.10.1991.pdf\"><br \/>\n\t\t\t\t\t\t\t\t\t\tEl Nuevo Amanecer de Quere\u0301taro 75, 21.10.1991<br \/>\n\t\t\t\t\t\t\t\t\t\t\t<\/a>\n\t\t\t\t\t\t\t\t\t<\/li>\n<li>\n\t\t\t\t\t<a href=\"https:\/\/queretarootrasmiradas.com\/wp-content\/uploads\/2021\/04\/El-Nuevo-Amanecer-de-Quere%CC%81taro-76-28.10.1991.pdf\"><br \/>\n\t\t\t\t\t\t\t\t\t\tEl Nuevo Amanecer de Quere\u0301taro 76, 28.10.1991<br \/>\n\t\t\t\t\t\t\t\t\t\t\t<\/a>\n\t\t\t\t\t\t\t\t\t<\/li>\n<li>\n\t\t\t\t\t<a href=\"https:\/\/queretarootrasmiradas.com\/wp-content\/uploads\/2021\/04\/El-Nuevo-Amanecer-de-Quere%CC%81taro-77-04.11.1991.pdf\"><br \/>\n\t\t\t\t\t\t\t\t\t\tEl Nuevo Amanecer de Quere\u0301taro 77, 04.11.1991<br \/>\n\t\t\t\t\t\t\t\t\t\t\t<\/a>\n\t\t\t\t\t\t\t\t\t<\/li>\n<li>\n\t\t\t\t\t<a href=\"https:\/\/queretarootrasmiradas.com\/wp-content\/uploads\/2021\/04\/El-Nuevo-Amanecer-de-Quere%CC%81taro-78-11.11.1991.pdf\"><br \/>\n\t\t\t\t\t\t\t\t\t\tEl Nuevo Amanecer de Quere\u0301taro 78, 11.11.1991<br \/>\n\t\t\t\t\t\t\t\t\t\t\t<\/a>\n\t\t\t\t\t\t\t\t\t<\/li>\n<li>\n\t\t\t\t\t<a href=\"https:\/\/queretarootrasmiradas.com\/wp-content\/uploads\/2021\/04\/El-Nuevo-Amanecer-de-Quere%CC%81taro-79-18.11.1991.pdf\"><br \/>\n\t\t\t\t\t\t\t\t\t\tEl Nuevo Amanecer de Quere\u0301taro 79, 18.11.1991<br \/>\n\t\t\t\t\t\t\t\t\t\t\t<\/a>\n\t\t\t\t\t\t\t\t\t<\/li>\n<li>\n\t\t\t\t\t<a href=\"https:\/\/queretarootrasmiradas.com\/wp-content\/uploads\/2021\/04\/El-Nuevo-Amanecer-de-Quere%CC%81taro-80-25.11.1991.pdf\"><br \/>\n\t\t\t\t\t\t\t\t\t\tEl Nuevo Amanecer de Quere\u0301taro 80, 25.11.1991<br \/>\n\t\t\t\t\t\t\t\t\t\t\t<\/a>\n\t\t\t\t\t\t\t\t\t<\/li>\n<li>\n\t\t\t\t\t<a href=\"https:\/\/queretarootrasmiradas.com\/wp-content\/uploads\/2021\/04\/El-Nuevo-Amanecer-de-Quere%CC%81taro-81-02.12.1991.pdf\"><br \/>\n\t\t\t\t\t\t\t\t\t\tEl Nuevo Amanecer de Quere\u0301taro 81, 02.12.1991<br \/>\n\t\t\t\t\t\t\t\t\t\t\t<\/a>\n\t\t\t\t\t\t\t\t\t<\/li>\n<li>\n\t\t\t\t\t<a href=\"http:\/\/queretarootrasmiradas.com\/wp-content\/uploads\/2021\/04\/El-Nuevo-Amanecer-de-Quere%CC%81taro-82-09.12.1991.pdf\"><br \/>\n\t\t\t\t\t\t\t\t\t\tEl Nuevo Amanecer de Quere\u0301taro 82, 09.12.1991<br \/>\n\t\t\t\t\t\t\t\t\t\t\t<\/a>\n\t\t\t\t\t\t\t\t\t<\/li>\n<li>\n\t\t\t\t\t<a href=\"https:\/\/queretarootrasmiradas.com\/wp-content\/uploads\/2021\/04\/El-Nuevo-Amanecer-de-Quere%CC%81taro-83-16.12.1991.pdf\"><br \/>\n\t\t\t\t\t\t\t\t\t\tEl Nuevo Amanecer de Quere\u0301taro 83, 16.12.1991<br \/>\n\t\t\t\t\t\t\t\t\t\t\t<\/a>\n\t\t\t\t\t\t\t\t\t<\/li>\n<li>\n\t\t\t\t\t<a href=\"https:\/\/queretarootrasmiradas.com\/wp-content\/uploads\/2021\/04\/El-Nuevo-Amanecer-de-Quere%CC%81taro-84-23.12.1991.pdf\"><br \/>\n\t\t\t\t\t\t\t\t\t\tEl Nuevo Amanecer de Quere\u0301taro 84, 23.12.1991<br \/>\n\t\t\t\t\t\t\t\t\t\t\t<\/a>\n\t\t\t\t\t\t\t\t\t<\/li>\n<li>\n\t\t\t\t\t<a href=\"https:\/\/queretarootrasmiradas.com\/wp-content\/uploads\/2021\/04\/El-Nuevo-Amanecer-de-Quere%CC%81taro-85-30.12.1991.pdf\"><br \/>\n\t\t\t\t\t\t\t\t\t\tEl Nuevo Amanecer de Quere\u0301taro 85, 30.12.1991<br \/>\n\t\t\t\t\t\t\t\t\t\t\t<\/a>\n\t\t\t\t\t\t\t\t\t<\/li>\n<\/ul>\n<p>\t\t\t\t\t\t\t\t\t\t<img decoding=\"async\" width=\"800\" height=\"209\" src=\"http:\/\/queretarootrasmiradas.com\/wp-content\/uploads\/2021\/05\/nuevoamanecer@300x-1024x268.png\" alt=\"\" srcset=\"https:\/\/queretarootrasmiradas.com\/wp-content\/uploads\/2021\/05\/nuevoamanecer@300x-1024x268.png 1024w, https:\/\/queretarootrasmiradas.com\/wp-content\/uploads\/2021\/05\/nuevoamanecer@300x-300x78.png 300w, https:\/\/queretarootrasmiradas.com\/wp-content\/uploads\/2021\/05\/nuevoamanecer@300x-768x201.png 768w, https:\/\/queretarootrasmiradas.com\/wp-content\/uploads\/2021\/05\/nuevoamanecer@300x-1536x402.png 1536w, https:\/\/queretarootrasmiradas.com\/wp-content\/uploads\/2021\/05\/nuevoamanecer@300x-2048x536.png 2048w, https:\/\/queretarootrasmiradas.com\/wp-content\/uploads\/2021\/05\/nuevoamanecer@300x-20x5.png 20w\" sizes=\"(max-width: 800px) 100vw, 800px\" \/><\/p>\n","protected":false},"excerpt":{"rendered":"<p>Facebook Twitter Instagram El Nuevo Amanecer de Quer\u00e9taro 33, 01.01.1991 El Nuevo Amanecer de Quer\u00e9taro 34, 07.01.1991 El Nuevo Amanecer de Quer\u00e9taro 35, 14.01.1991 El Nuevo Amanecer de Quer\u00e9taro 36, 21.01.1991 El Nuevo Amanecer de Quer\u00e9taro 37, 04.02.1991 El Nuevo Amanecer de Quer\u00e9taro 39, 11.02.1991 El Nuevo Amanecer de Quer\u00e9taro 40, 18.02.1991 El Nuevo Amanecer [&hellip;]<\/p>\n","protected":false},"author":1,"featured_media":0,"parent":0,"menu_order":0,"comment_status":"closed","ping_status":"closed","template":"elementor_canvas","meta":{"om_disable_all_campaigns":false,"footnotes":""},"class_list":["post-1288","page","type-page","status-publish","hentry"],"_links":{"self":[{"href":"https:\/\/queretarootrasmiradas.com\/index.php\/wp-json\/wp\/v2\/pages\/1288","targetHints":{"allow":["GET"]}}],"collection":[{"href":"https:\/\/queretarootrasmiradas.com\/index.php\/wp-json\/wp\/v2\/pages"}],"about":[{"href":"https:\/\/queretarootrasmiradas.com\/index.php\/wp-json\/wp\/v2\/types\/page"}],"author":[{"embeddable":true,"href":"https:\/\/queretarootrasmiradas.com\/index.php\/wp-json\/wp\/v2\/users\/1"}],"replies":[{"embeddable":true,"href":"https:\/\/queretarootrasmiradas.com\/index.php\/wp-json\/wp\/v2\/comments?post=1288"}],"version-history":[{"count":46,"href":"https:\/\/queretarootrasmiradas.com\/index.php\/wp-json\/wp\/v2\/pages\/1288\/revisions"}],"predecessor-version":[{"id":3583,"href":"https:\/\/queretarootrasmiradas.com\/index.php\/wp-json\/wp\/v2\/pages\/1288\/revisions\/3583"}],"wp:attachment":[{"href":"https:\/\/queretarootrasmiradas.com\/index.php\/wp-json\/wp\/v2\/media?parent=1288"}],"curies":[{"name":"wp","href":"https:\/\/api.w.org\/{rel}","templated":true}]}}