{"id":9,"date":"2021-02-02T18:53:48","date_gmt":"2021-02-02T18:53:48","guid":{"rendered":"http:\/\/queretarootrasmiradas.com\/index.php\/home\/"},"modified":"2022-11-24T20:11:11","modified_gmt":"2022-11-24T20:11:11","slug":"home","status":"publish","type":"page","link":"https:\/\/queretarootrasmiradas.com\/","title":{"rendered":"Inicio"},"content":{"rendered":"<p><img decoding=\"async\" width=\"800\" height=\"227\" src=\"http:\/\/queretarootrasmiradas.com\/wp-content\/uploads\/2021\/05\/logo-color-crema@300x-1-1024x291.png\" alt=\"\" \/><br \/>\n\t\t\t\t\t\t\t\t\t\t\t\t\t\t\t<img decoding=\"async\" width=\"800\" height=\"806\" src=\"http:\/\/queretarootrasmiradas.com\/wp-content\/uploads\/2021\/05\/colores-logo-caras@300x-1-1017x1024.png\" alt=\"\" \/><br \/>\n\t\t\t\t\t<a href=\"https:\/\/www.facebook.com\/queretaro.otrasmiradas\" target=\"_blank\" rel=\"noopener\"><br \/>\n\t\t\t\t\t\tFacebook<br \/>\n\t\t\t\t\t\t\t\t\t\t\t<\/a><br \/>\n\t\t\t\t\t<a href=\"https:\/\/twitter.com\/QMiradas\" target=\"_blank\" rel=\"noopener\"><br \/>\n\t\t\t\t\t\tTwitter<br \/>\n\t\t\t\t\t\t\t\t\t\t\t<\/a><br \/>\n\t\t\t\t\t<a href=\"https:\/\/www.instagram.com\/qotrasmiradas\/\" target=\"_blank\" rel=\"noopener\"><br \/>\n\t\t\t\t\t\tInstagram<br \/>\n\t\t\t\t\t\t\t\t\t\t\t<\/a><br \/>\n\t\t\t\t\t<a href=\"https:\/\/www.youtube.com\/channel\/UC-zPr3ZIyD9G2Z42bSa6Cag\" target=\"_blank\" rel=\"noopener\"><br \/>\n\t\t\t\t\t\tYoutube<br \/>\n\t\t\t\t\t\t\t\t\t\t\t<\/a><br \/>\n\t\t\t\t\t<a href=\"http:\/\/queretarootrasmiradas.com\/wp-content\/uploads\/2022\/09\/RL3-02-AUN_HAY_MARX.pdf\" target=\"_blank\" rel=\"noopener\">A\u00fan hay Marx  | Kevyn Simon Delgado <\/a><a href=\"http:\/\/queretarootrasmiradas.com\/wp-content\/uploads\/2022\/09\/RL3-03-TACITAS_LAMENTACIONES.pdf\" target=\"_blank\" rel=\"noopener\">T\u00e1citas Lamentaciones  |  Rams\u00e9s Oviedo<\/a><a href=\"http:\/\/queretarootrasmiradas.com\/wp-content\/uploads\/2022\/09\/RL3-04-CAPITALISMO_Y_PRESENTISMO.pdf\" target=\"_blank\" rel=\"noopener\">Capitalismo y Presentismo  |  Iv\u00e1n Mora Muro<\/a><a href=\"http:\/\/queretarootrasmiradas.com\/wp-content\/uploads\/2022\/09\/RL3-07-RECUERDOS_DEL_PROVENIR.pdf\" target=\"_blank\" rel=\"noopener\">Recuerdos del porvenir  |  Abelardo Rodr\u00edguez Mac\u00edas<\/a><a href=\"http:\/\/queretarootrasmiradas.com\/wp-content\/uploads\/2022\/09\/RL3-08-LOS_7_ESPIRITUS_MALIGNOS.pdf\" target=\"_blank\" rel=\"noopener\">Los 7 esp\u00edritus malignos del capitalismo  |  Ram\u00f3n Mendoza Zaragoza<\/a><a href=\"http:\/\/queretarootrasmiradas.com\/wp-content\/uploads\/2022\/09\/RL3-09-LA_FABULA_DEL_DRAGON_TIRANO.pdf\" target=\"_blank\" rel=\"noopener\">La F\u00e1bula del Drag\u00f3n Tirano  | Habacuc Vera<\/a><a href=\"http:\/\/queretarootrasmiradas.com\/wp-content\/uploads\/2022\/09\/RL3-13-CIUDAD_DE_NAVAJAZOS.pdf\" target=\"_blank\" rel=\"noopener\">Esto es Quer\u00e9taro, ciudad de navajazos&#8230; la verdad cada ma\u00f1ana |  Andr\u00e9s Mar\u00eda de \u00darsula<\/a><a href=\"http:\/\/queretarootrasmiradas.com\/wp-content\/uploads\/2022\/09\/RL3-12-SOBRE_EL_PLAN_MK.pdf\" target=\"_blank\" rel=\"noopener\">Sobre el Plan de Mauricio Kuri |  Edmundo Gonz\u00e1lez Llaca<\/a><a href=\"http:\/\/queretarootrasmiradas.com\/wp-content\/uploads\/2022\/09\/RL3-15-EL_GANSO_LOPEZ.pdf\" target=\"_blank\" rel=\"noopener\">El Ganzo L\u00f3pez  |  Magnolia del Sangremal O. S. G.  |  Caricaturas: AGERE<\/a><a href=\"http:\/\/queretarootrasmiradas.com\/wp-content\/uploads\/2022\/09\/RL3-11-VERANO_DE_2022.pdf\" target=\"_blank\" rel=\"noopener\">Verano de 2022 |  Text\u00edculos, zarcillos y otros pendientes<\/a><a href=\"https:\/\/www.youtube.com\/watch?v=T9h09C6oJOU\" target=\"_blank\" rel=\"noopener\">Francisco Flores Esp\u00edritu | El PCM y las fusiones de izquierda en Quer\u00e9taro<\/a><a href=\"https:\/\/queretarootrasmiradas.com\/wp-content\/uploads\/2022\/01\/Voz-Critica-1-I-epoca-15-de-julio-de-1974.pdf\" target=\"_blank\" rel=\"noopener\">Voz Cr\u00edtica, primera \u00e9poca (1974-76) <\/a><a href=\"https:\/\/queretarootrasmiradas.com\/wp-content\/uploads\/2021\/04\/El-Nuevo-Amanecer-de-Quere%CC%81taro-417-02.09.1998.pdf\" target=\"_blank\" rel=\"noopener\">.El Nuevo Amanecer de Quer\u00e9taro<\/a><a href=\"https:\/\/queretarootrasmiradas.com\/wp-content\/uploads\/2022\/01\/2-Fondo-DFS-DGIPS-El-68-en-Queretaro.pdf\" target=\"_blank\" rel=\"noopener\">El 68 en Quer\u00e9taro: fondo documental<\/a><a href=\"http:\/\/queretarootrasmiradas.com\/wp-content\/uploads\/2022\/09\/RL3-05-23_MILLONES_300_MIL.pdf\" target=\"_blank\" rel=\"noopener\">23 millones 300 mil |  Andr\u00e9s Mar\u00eda de \u00darsula<\/a><a href=\"http:\/\/queretarootrasmiradas.com\/wp-content\/uploads\/2022\/09\/RL3-10-EL_ARTE_DE_LA_GUERRA.pdf\" target=\"_blank\" rel=\"noopener\">El arte de la guerra  |  Salvador Alberto Sosa Ocampo<\/a><a href=\"https:\/\/queretarootrasmiradas.com\/wp-content\/uploads\/2022\/01\/Voz-Critica-1-II-Epoca-Noviembre-1990.pdf\">Voz Cr\u00edtica, segunda \u00e9poca (1990-94) <\/a><br \/>\n\t\t\t\t\t\t\tPrevious<br \/>\n\t\t\t\t\t\t\tNext<br \/>\n\t\t\t\t\t\t\t\t\t\t\t\t\t\t\t<img decoding=\"async\" width=\"651\" height=\"913\" src=\"http:\/\/queretarootrasmiradas.com\/wp-content\/uploads\/2022\/11\/Portada-R3.png\" alt=\"\" \/>\t\t\t\t\t\t\t\t\t\t\t\t\t\t\t<\/p>\n<p><strong>Marginal, en los linderos del fanzine y el diario personal, un panfleto para pensar el vendaval de nuestro tiempo. Una revista queretana, pero no tanto\u2026 Ni acad\u00e9mica ni pandillera. Et\u00e9rea y evanescente, un mont\u00f3n de hojitas que se divierten en el gran teatro del mundo. Entre la coyuntura y el largo aliento, rondar la periferia de la historia para reflejar la \u00e9poca e ir contra la \u00e9poca. Una revista contra el periodismo y sus costumbres, sin secciones ni pretensiones, sin periodicidad, sin nombre, sin madre. No se le nombra, se le describe, simplemente, como una <em>revista loca<\/em> que aparece, s\u00ed, cuando le dan ganas, como ahora. <\/strong><\/p>\n<p>\t\t\t\t\t\t\t\t\t\t\t\t\t\t\t<img decoding=\"async\" width=\"800\" height=\"800\" src=\"http:\/\/queretarootrasmiradas.com\/wp-content\/uploads\/2022\/03\/4-La-ira-humana-castiga-a-los-dioses-2-2-1024x1024.png\" alt=\"\" \/>\t\t\t\t\t\t\t\t\t\t\t\t\t\t\t<\/p>\n<h2><a href=\"http:\/\/queretarootrasmiradas.com\/wp-content\/uploads\/2022\/03\/02-LA-IRA-HUMANA-CASTIGA-A-LOS-DIOSES.pdf\" target=\"_blank\" rel=\"noopener\">La ira humana castiga a los dioses<\/a><\/h2>\n<h6><strong>Andr\u00e9s Mar\u00eda de \u00darsula<\/strong><\/h6>\n<h2><a href=\"http:\/\/queretarootrasmiradas.com\/wp-content\/uploads\/2022\/09\/RL3-03-TACITAS_LAMENTACIONES.pdf\" target=\"_blank\" rel=\"noopener\">T\u00e1citas lamentaciones<\/a><\/h2>\n<h6>Rams\u00e9s Oviedo<\/h6>\n<h2><a href=\"http:\/\/queretarootrasmiradas.com\/wp-content\/uploads\/2022\/09\/RL3-12-SOBRE_EL_PLAN_MK.pdf\" target=\"_blank\" rel=\"noopener\">Sobre el plan de Mauricio Kuri<\/a><\/h2>\n<p>\t\t\t\t\t\t\t\t\t\t\t\t\t\t\t<img decoding=\"async\" src=\"http:\/\/queretarootrasmiradas.com\/wp-content\/uploads\/elementor\/thumbs\/12-1-1-py746zih46ajdhs6qr8vi6shhg6hc42vpsr5meqqrk.png\" title=\"12-1\" alt=\"12-1\" \/>\t\t\t\t\t\t\t\t\t\t\t\t\t\t\t<\/p>\n<h6>Edmundo Gonz\u00e1lez Llaca<\/h6>\n<p>\t\t\t\t\t\t\t\t\t\t\t\t\t\t\t\t<a href=\"http:\/\/queretarootrasmiradas.com\/wp-content\/uploads\/2022\/03\/2022.03.15-RL2-Revista-Loca-2_RELIGION-1.pdf\"><br \/>\n\t\t\t\t\t\t\t<img decoding=\"async\" width=\"580\" height=\"822\" src=\"http:\/\/queretarootrasmiradas.com\/wp-content\/uploads\/2022\/11\/RL2.png\" alt=\"\" \/>\t\t\t\t\t\t\t\t<\/a><\/p>\n<h2><a href=\"http:\/\/queretarootrasmiradas.com\/wp-content\/uploads\/2022\/03\/2022.03.15-RL2-Revista-Loca-2_RELIGION-1.pdf\" target=\"_blank\" rel=\"noopener\">Revista Loca N0.2<\/a><\/h2>\n<h3><strong>As\u00f3mate al Centro de Documentaci\u00f3n Alternativa<\/strong><\/h3>\n<h2><a href=\"http:\/\/queretarootrasmiradas.com\/wp-content\/uploads\/2022\/06\/1984-PMT-SomosPueblo1.pdf\" target=\"_blank\" rel=\"noopener\">Somos Pueblo<br \/>\n (1984)<\/a><\/h2>\n<h2><a href=\"https:\/\/queretarootrasmiradas.com\/wp-content\/uploads\/2021\/11\/El-Perico-Blas-1-09.09.2002.pdf\" target=\"_blank\" rel=\"noopener\">El Perico Blas<br \/>\n (2002)<\/a><\/h2>\n<h2><a href=\"https:\/\/queretarootrasmiradas.com\/wp-content\/uploads\/2022\/01\/Voz-Critica-1-I-epoca-15-de-julio-de-1974.pdf\" target=\"_blank\" rel=\"noopener\">Voz Cr\u00edtica<br \/>\nPrimera \u00e9poca (1974-76)<\/a><\/h2>\n<h2><a href=\"https:\/\/queretarootrasmiradas.com\/wp-content\/uploads\/2022\/01\/Voz-Critica-1-II-Epoca-Noviembre-1990.pdf\" target=\"_blank\" rel=\"noopener\">Voz Cr\u00edtica<br \/> <br \/>\nSegunda \u00e9poca (1990-94)<\/a><\/h2>\n<h2><a href=\"https:\/\/queretarootrasmiradas.com\/wp-content\/uploads\/2022\/01\/2-Fondo-DFS-DGIPS-El-68-en-Queretaro.pdf\" target=\"_blank\" rel=\"noopener\">El 68 en Quer\u00e9taro: fondo documental<\/a><\/h2>\n<h2><a href=\"https:\/\/queretarootrasmiradas.com\/wp-content\/uploads\/2022\/01\/2-Fondo-DFS-DGIPS-La-huelga-de-autonomia-1958.pdf\" target=\"_blank\" rel=\"noopener\">El movimiento de 1957-58 en Quer\u00e9taro: fondo documental<\/a><\/h2>\n<h2><a href=\"http:\/\/queretarootrasmiradas.com\/wp-content\/uploads\/2022\/09\/RL3-04-CAPITALISMO_Y_PRESENTISMO.pdf\" target=\"_blank\" rel=\"noopener\">Capitalismo y Presentismo<\/a><\/h2>\n<p>\t\t\t\t\t\t\t\t\t\t\t\t\t\t\t<img decoding=\"async\" width=\"800\" height=\"800\" src=\"http:\/\/queretarootrasmiradas.com\/wp-content\/uploads\/2022\/11\/04-1-1024x1024.png\" alt=\"\" \/>\t\t\t\t\t\t\t\t\t\t\t\t\t\t\t<\/p>\n<h6><b>Iv\u00e1n Mora Muro<\/b><\/h6>\n<h2><a href=\"http:\/\/queretarootrasmiradas.com\/wp-content\/uploads\/2022\/09\/RL3-07-RECUERDOS_DEL_PROVENIR.pdf\" target=\"_blank\" rel=\"noopener\">Recuerdos del Porvenir<br \/>\n<\/a><\/h2>\n<h6><b>Abelardo Rodr\u00edguez Mac\u00edas<\/b><\/h6>\n<h2><a href=\"http:\/\/queretarootrasmiradas.com\/wp-content\/uploads\/2022\/09\/RL3-08-LOS_7_ESPIRITUS_MALIGNOS.pdf\" target=\"_blank\" rel=\"noopener\">Los 7 esp\u00edritus malignos del capitalismo<\/a><\/h2>\n<h6>Ram\u00f3n Mendoza Zaragoza<\/h6>\n<p>\t\t\t\t\t\t\t\t\t\t\t\t\t\t\t<img decoding=\"async\" width=\"650\" height=\"854\" src=\"http:\/\/queretarootrasmiradas.com\/wp-content\/uploads\/2022\/11\/fabula.png\" alt=\"\" \/>\t\t\t\t\t\t\t\t\t\t\t\t\t\t\t<\/p>\n<h2><a href=\"http:\/\/queretarootrasmiradas.com\/wp-content\/uploads\/2022\/09\/RL3-09-LA_FABULA_DEL_DRAGON_TIRANO.pdf\" target=\"_blank\" rel=\"noopener\">La F\u00e1bula del Drag\u00f3n Tirano<\/a><\/h2>\n<h6><strong>Habacuc Vera<\/strong><\/h6>\n<h3><strong>ESC\u00daCHALOS EN SU PROPIO TONO<\/strong><\/h3>\n<h2><a href=\"https:\/\/www.youtube.com\/watch?v=T9h09C6oJOU\" target=\"_blank\" rel=\"noopener\">Francisco Flores Esp\u00edritu<br \/>El PCM y las fusiones de izquierda en Quer\u00e9taro<\/a><\/h2>\n<h2><a href=\"https:\/\/www.youtube.com\/watch?v=Hl5yHv66FyY\" target=\"_blank\" rel=\"noopener\">Hugo Guti\u00e9rrez Vega<br \/>Enfrentar al conservadurismo queretano<\/a><\/h2>\n<h2><a href=\"https:\/\/www.youtube.com\/watch?v=BThFEEn1nwQ\" target=\"_blank\" rel=\"noopener\">\u00c1lvaro Arreola Valdez<br \/>La huelga de 1958 que procedi\u00f3 a la autonom\u00eda de la UAQ<\/a><\/h2>\n<h2><a href=\"https:\/\/www.youtube.com\/watch?v=_tXkIA1xCSo\" target=\"_blank\" rel=\"noopener\">Salvador Septi\u00e9n Barr\u00f3n<br \/>Huelga estudiantil y autonom\u00eda<\/a><\/h2>\n<h2><a href=\"https:\/\/www.youtube.com\/watch?v=V00lvUcUpiE\" target=\"_blank\" rel=\"noopener\">Pedro Septi\u00e9n Barr\u00f3n<br \/><font color=\"#000000\" face=\"Roboto, sans-serif\"><b>Estudiantes en huelga en 1958<\/b><\/font><\/a><\/h2>\n<h2><a href=\"https:\/\/www.youtube.com\/watch?v=GrqvYXh48-Q\" target=\"_blank\" rel=\"noopener\">Pablo Gonz\u00e1lez Loyola<br \/><font color=\"#000000\" face=\"Roboto, sans-serif\"><b>Luchas sociales y prisi\u00f3n<\/b><\/font><\/a><\/h2>\n<h2><a href=\"https:\/\/www.youtube.com\/watch?v=EzVt2zG9JO4\" target=\"_blank\" rel=\"noopener\">Fernando Tapia Rivera<br \/><font color=\"#000000\" face=\"Roboto, sans-serif\"><b>Efervescencia universitaria en a\u00f1os 70 y 80<\/b><\/font><\/a><\/h2>\n<h2><a href=\"https:\/\/www.youtube.com\/watch?v=UG5O5smU84g\" target=\"_blank\" rel=\"noopener\">Luis Ugalde Monroy<br \/>Activismo cooperativista y expulsi\u00f3n del clero<\/a><\/h2>\n<h2><a href=\"https:\/\/www.youtube.com\/watch?v=CwtGKAQzdX0\" target=\"_blank\" rel=\"noopener\">C\u00e9sar P\u00e9rez Guzm\u00e1n<br \/>Lucha social desde la iglesia Metodista&nbsp;<\/a><\/h2>\n<h2><a href=\"https:\/\/www.youtube.com\/watch?v=ARr5Nhgq3kg\" target=\"_blank\" rel=\"noopener\">Jos\u00e9 Luis Aguilera Ortiz<br \/>Del PRI a la organizaci\u00f3n propia<\/a><\/h2>\n<p>\t\t\t\t\t\t\t\t\t\t\t\t\t\t\t<img decoding=\"async\" width=\"1334\" height=\"1876\" src=\"http:\/\/queretarootrasmiradas.com\/wp-content\/uploads\/2021\/05\/Captura-de-Pantalla-2021-05-25-a-las-21.10.03.webp\" alt=\"\" \/>\t\t\t\t\t\t\t\t\t\t\t\t\t\t\t<\/p>\n<h2><a href=\"http:\/\/queretarootrasmiradas.com\/wp-content\/uploads\/2021\/08\/Revista-Loca-no.-1-vf.pdf\" target=\"_blank\" rel=\"noopener\">Revista Loca No.1<\/a><\/h2>\n<p>\t\t\t\t\t\t\t\t\t\t\t\t\t\t\t<img decoding=\"async\" width=\"969\" height=\"917\" src=\"http:\/\/queretarootrasmiradas.com\/wp-content\/uploads\/2022\/11\/02-1.png\" alt=\"\" \/>\t\t\t\t\t\t\t\t\t\t\t\t\t\t\t<\/p>\n<h2><a href=\"http:\/\/queretarootrasmiradas.com\/wp-content\/uploads\/2022\/09\/RL3-02-AUN_HAY_MARX.pdf\" target=\"_blank\" rel=\"noopener\">A\u00fan hay Marx<\/a><\/h2>\n<h6><strong>Kevyn Simon Delgado<\/strong><\/h6>\n<h2><a href=\"http:\/\/queretarootrasmiradas.com\/wp-content\/uploads\/2022\/09\/RL3-11-VERANO_DE_2022.pdf\" target=\"_blank\" rel=\"noopener\">Verano de 2022  |  Text\u00edculos, zarcillos y otros pendientes<\/a><\/h2>\n<h6><b>E. M. Zaragoza<\/b><\/h6>\n<p>\t\t\t\t\t\t\t\t\t\t\t\t\t\t\t<img decoding=\"async\" width=\"768\" height=\"859\" src=\"http:\/\/queretarootrasmiradas.com\/wp-content\/uploads\/2022\/11\/01-1-768x859.jpg\" alt=\"\" \/>\t\t\t\t\t\t\t\t\t\t\t\t\t\t\t<\/p>\n<h2><a href=\"http:\/\/queretarootrasmiradas.com\/wp-content\/uploads\/2022\/03\/14-PEQUENAS-HISTORIAS.pdf\" target=\"_blank\" rel=\"noopener\">El capitalismo como religi\u00f3n<\/a><\/h2>\n<h6><strong>Walter Benjam\u00edn<\/strong><\/h6>\n<h2><a href=\"http:\/\/queretarootrasmiradas.com\/wp-content\/uploads\/2022\/09\/RL3-06-LOS_LIMITES_DE_LA_PROTESTA.pdf\" target=\"_blank\" rel=\"noopener\">Los l\u00edmites de la protesta como forma de lucha<\/a><\/h2>\n<p><b>Ra\u00fal Zibenchi<\/b><\/p>\n<p>\t\t\t\t\t\t\t\t\t\t\t\t\t\t\t<img decoding=\"async\" src=\"http:\/\/queretarootrasmiradas.com\/wp-content\/uploads\/elementor\/thumbs\/06-2-py71o87h820pfqxk1dkrovm7uem7kftjdm3peo9b0g.png\" title=\"06-2\" alt=\"06-2\" \/>\t\t\t\t\t\t\t\t\t\t\t\t\t\t\t<\/p>\n<h2><a href=\"http:\/\/queretarootrasmiradas.com\/wp-content\/uploads\/2022\/09\/RL3-14-48_HIPOTESIS.pdf\" target=\"_blank\" rel=\"noopener\">Coronavirus, 48 hip\u00f3tesis<\/a><\/h2>\n<h6><strong>Salvador Alberto Sosa Ocampo<\/strong><\/h6>\n<p>\t\t\t\t\t\t\t\t\t\t\t\t\t\t\t<img decoding=\"async\" width=\"2560\" height=\"2560\" src=\"http:\/\/queretarootrasmiradas.com\/wp-content\/uploads\/2021\/05\/peri_300x-100-scaled.webp\" alt=\"\" \/>\t\t\t\t\t\t\t\t\t\t\t\t\t\t\t<\/p>\n<h2><a href=\"https:\/\/queretarootrasmiradas.com\/index.php\/que-contiene-este-acervo\/\" target=\"_blank\" rel=\"noopener\">Una versi\u00f3n de la \u00faltima d\u00e9cada del siglo XX en Quer\u00e9taro<\/a><\/h2>\n<p>El Nuevo Amanecer de Quer\u00e9taro document\u00f3 en sus p\u00e1ginas, siempre a contracorriente, el cambio de \u00e9poca que se vivi\u00f3 en la d\u00e9cada de los noventa del siglo XX, que modific\u00f3 profundamente la historia mundial, nacional y queretana, como la ca\u00edda del muro de Berl\u00edn y con ella el colapso de un sue\u00f1o llamado socialismo. Tambi\u00e9n recogi\u00f3 las secuelas del fraude electoral de 1988 en M\u00e9xico, que se vivieron como una herida abierta por mucho tiempo, y que aparec\u00edan como una sombra en casi todos los an\u00e1lisis pol\u00edticos vertidos en sus p\u00e1ginas durante los casi nueve a\u00f1os de su existencia.<b><\/b><\/p>\n<p>\t\t\t\t\t<a href=\"mailto:queretarootrasmiradas@gmail.com@gmail.com\" target=\"_blank\" rel=\"noopener\"><br \/>\n\t\t\t\t\t\tEnvelope<br \/>\n\t\t\t\t\t\t\t\t\t\t\t<\/a><br \/>\n\t\t\t\t\t\t\t\t\t\t\t\t\t\t\t<img decoding=\"async\" width=\"800\" height=\"227\" src=\"http:\/\/queretarootrasmiradas.com\/wp-content\/uploads\/2021\/05\/qro-blanco@300x-1024x291.png\" alt=\"\" \/>\t\t\t\t\t\t\t\t\t\t\t\t\t\t\t<\/p>\n<h6>Todos los derechos reservados<br \/>By: MIMOSA<\/h6>\n","protected":false},"excerpt":{"rendered":"<p>Facebook Twitter Instagram Youtube A\u00fan hay Marx | Kevyn Simon Delgado T\u00e1citas Lamentaciones | Rams\u00e9s OviedoCapitalismo y Presentismo | Iv\u00e1n Mora MuroRecuerdos del porvenir | Abelardo Rodr\u00edguez Mac\u00edasLos 7 esp\u00edritus malignos del capitalismo | Ram\u00f3n Mendoza ZaragozaLa F\u00e1bula del Drag\u00f3n Tirano | Habacuc VeraEsto es Quer\u00e9taro, ciudad de navajazos&#8230; la verdad cada ma\u00f1ana | Andr\u00e9s [&hellip;]<\/p>\n","protected":false},"author":1,"featured_media":0,"parent":0,"menu_order":0,"comment_status":"closed","ping_status":"closed","template":"elementor_canvas","meta":{"om_disable_all_campaigns":false,"footnotes":""},"class_list":["post-9","page","type-page","status-publish","hentry"],"_links":{"self":[{"href":"https:\/\/queretarootrasmiradas.com\/index.php\/wp-json\/wp\/v2\/pages\/9","targetHints":{"allow":["GET"]}}],"collection":[{"href":"https:\/\/queretarootrasmiradas.com\/index.php\/wp-json\/wp\/v2\/pages"}],"about":[{"href":"https:\/\/queretarootrasmiradas.com\/index.php\/wp-json\/wp\/v2\/types\/page"}],"author":[{"embeddable":true,"href":"https:\/\/queretarootrasmiradas.com\/index.php\/wp-json\/wp\/v2\/users\/1"}],"replies":[{"embeddable":true,"href":"https:\/\/queretarootrasmiradas.com\/index.php\/wp-json\/wp\/v2\/comments?post=9"}],"version-history":[{"count":651,"href":"https:\/\/queretarootrasmiradas.com\/index.php\/wp-json\/wp\/v2\/pages\/9\/revisions"}],"predecessor-version":[{"id":4279,"href":"https:\/\/queretarootrasmiradas.com\/index.php\/wp-json\/wp\/v2\/pages\/9\/revisions\/4279"}],"wp:attachment":[{"href":"https:\/\/queretarootrasmiradas.com\/index.php\/wp-json\/wp\/v2\/media?parent=9"}],"curies":[{"name":"wp","href":"https:\/\/api.w.org\/{rel}","templated":true}]}}